{"id":15,"date":"2020-08-05T07:54:20","date_gmt":"2020-08-05T05:54:20","guid":{"rendered":"http:\/\/lemaitrepierre.com\/?page_id=15"},"modified":"2025-04-10T16:26:06","modified_gmt":"2025-04-10T14:26:06","slug":"biographie","status":"publish","type":"page","link":"https:\/\/lemaitrepierre.com\/index.php\/biographie\/","title":{"rendered":"Biographie"},"content":{"rendered":"<div data-colibri-id=\"15-c1\" class=\"style-247 style-local-15-c1 position-relative\">\n  <!---->\n  <div data-colibri-component=\"section\" data-colibri-id=\"15-c2\" id=\"about-2\" class=\"h-section h-section-global-spacing d-flex align-items-lg-center align-items-md-center align-items-center style-259 style-local-15-c2 position-relative\">\n    <!---->\n    <!---->\n    <div class=\"h-section-grid-container h-section-fluid-container\">\n      <!---->\n      <div data-colibri-id=\"15-c3\" class=\"h-row-container gutters-row-lg-0 gutters-row-md-0 gutters-row-2 gutters-row-v-lg-0 gutters-row-v-md-0 gutters-row-v-0 style-260 style-local-15-c3 position-relative\">\n        <!---->\n        <div class=\"h-row justify-content-lg-center justify-content-md-center justify-content-center align-items-lg-stretch align-items-md-stretch align-items-stretch gutters-col-lg-0 gutters-col-md-0 gutters-col-2 gutters-col-v-lg-0 gutters-col-v-md-0 gutters-col-v-0\">\n          <!---->\n          <div class=\"h-column h-column-container d-flex h-col-lg h-col-md h-col-auto style-261-outer style-local-15-c4-outer\">\n            <div data-colibri-id=\"15-c4\" class=\"d-flex h-flex-basis h-column__inner h-px-lg-0 h-px-md-0 h-px-2 v-inner-lg-0 v-inner-md-0 v-inner-2 style-261 style-local-15-c4 position-relative\">\n              <!---->\n              <!---->\n              <div class=\"w-100 h-y-container h-column__content h-column__v-align flex-basis-100 align-self-lg-center align-self-md-center align-self-center\">\n                <!---->\n                <div data-colibri-id=\"15-c5\" class=\"style-262 style-local-15-c5 position-relative h-element\">\n                  <!---->\n                <\/div>\n              <\/div>\n            <\/div>\n          <\/div>\n          <div class=\"h-column h-column-container d-flex h-col-lg-auto h-col-md-auto h-col-auto style-264-outer style-local-15-c6-outer\">\n            <div data-colibri-id=\"15-c6\" class=\"d-flex h-flex-basis h-column__inner h-px-lg-2 h-px-md-2 h-px-2 v-inner-lg-2 v-inner-md-2 v-inner-2 style-264 style-local-15-c6 position-relative\">\n              <!---->\n              <!---->\n              <div class=\"w-100 h-y-container h-column__content h-column__v-align flex-basis-100 align-self-lg-center align-self-md-center align-self-center\">\n                <!---->\n                <div data-colibri-id=\"15-c7\" class=\"h-text h-text-component style-267 style-local-15-c7 position-relative h-element\">\n                  <!---->\n                  <!---->\n                  <div class=\"\">\n                    <p><span style=\"font-size: 15.12px;\">De formation en psychologie sociale, Pierre A. Lema\u00eetre a men\u00e9 des missions de changements \u00e9conomiques et sociaux et de formation professionnelle, dans plus de 30 pays d\u2019Europe, d\u2019Afrique, d\u2019Asie et d\u2019Am\u00e9rique du Nord.Il a d\u00e9velopp\u00e9 ainsi une expertise particuli\u00e8re en qualit\u00e9 des services et en ma\u00eetrise des risques financiers et a publi\u00e9, une dizaine d\u2019ouvrages, qui traitent de l\u2019Apprentissage, de la M\u00e9thodologie de la pens\u00e9e et de la D\u00e9cision, de l\u2019Organisation des services et processus transversaux et du Management.&nbsp;Pierre A. Lema\u00eetre a aussi enseign\u00e9 ces questions dans une quinzaine d\u2019universit\u00e9s et \u00e9coles sup\u00e9rieures.Publications de Pierre Alain Lema\u00eetre&nbsp;:<\/span><\/p>\n                    <p>\n                      <br>\n                    <\/p>\n                  <\/div>\n                <\/div>\n              <\/div>\n            <\/div>\n          <\/div>\n        <\/div>\n      <\/div>\n    <\/div>\n  <\/div>\n  <div data-colibri-component=\"section\" data-colibri-id=\"15-c8\" id=\"overlappable\" class=\"h-section h-section-global-spacing d-flex align-items-lg-center align-items-md-center align-items-center style-293 style-local-15-c8 position-relative\">\n    <!---->\n    <!---->\n    <div class=\"h-section-grid-container h-section-fluid-container\">\n      <!---->\n      <div data-colibri-id=\"15-c9\" class=\"h-row-container gutters-row-lg-0 gutters-row-md-0 gutters-row-0 gutters-row-v-lg-0 gutters-row-v-md-0 gutters-row-v-0 style-294 style-local-15-c9 position-relative\">\n        <!---->\n        <div class=\"h-row justify-content-lg-center justify-content-md-center justify-content-center align-items-lg-stretch align-items-md-stretch align-items-stretch gutters-col-lg-0 gutters-col-md-0 gutters-col-0 gutters-col-v-lg-0 gutters-col-v-md-0 gutters-col-v-0\">\n          <!---->\n          <div class=\"h-column h-column-container d-flex h-col-lg-auto h-col-md-auto h-col-auto style-295-outer style-local-15-c10-outer\">\n            <div data-colibri-id=\"15-c10\" class=\"d-flex h-flex-basis h-column__inner h-ui-empty-state-container h-px-lg-0 h-px-md-0 h-px-0 v-inner-lg-0 v-inner-md-0 v-inner-0 style-295 style-local-15-c10 position-relative\">\n              <!---->\n              <!---->\n              <div class=\"w-100 h-y-container h-column__content h-column__v-align flex-basis-100\">\n                <!---->\n              <\/div>\n            <\/div>\n          <\/div>\n          <div class=\"h-column h-column-container d-flex h-col-lg-auto h-col-md-auto h-col-auto style-296-outer style-local-15-c11-outer\">\n            <div data-colibri-id=\"15-c11\" class=\"d-flex h-flex-basis h-column__inner h-px-lg-2 h-px-md-2 h-px-2 v-inner-lg-2 v-inner-md-2 v-inner-2 style-296 style-local-15-c11 position-relative\">\n              <!---->\n              <!---->\n              <div class=\"w-100 h-y-container h-column__content h-column__v-align flex-basis-100 align-self-lg-center align-self-md-center align-self-center\">\n                <!---->\n                <div data-colibri-id=\"15-c12\" class=\"h-text h-text-component style-662 style-local-15-c12 position-relative h-element\">\n                  <!---->\n                  <!---->\n                  <div class=\"\">\n                    <p><strong style=\"font-size: 118%; font-weight: 700;\">\u21d2<\/strong>&nbsp;Lema\u00eetre (Pierre), La d\u00e9cision, Paris, \u00c9ditions d\u2019Organisation, 1981, 174 p.<\/p>\n                    <p> <strong style=\"color: rgb(70, 112, 127); font-family: &quot;Open Sans&quot;; font-size: 18.88px; font-weight: 700;\">\u21d2<\/strong>&nbsp;Lema\u00eetre (Pierre) et Jean-Fran\u00e7ois Begouen-Demeaux, Pratique d\u2019organisation des services administratifs,\n                      Paris, \u00c9ditions d\u2019Organisation, 1981, 469 p., traduit en espagnol sous le titre Pracica de Organizacion en los servicios administrativos, Madrid, Instituto Nacional de de Administracion Publica, 1990, 479 p.<\/p>\n                    <p> <strong style=\"color: rgb(70, 112, 127); font-family: &quot;Open Sans&quot;; font-size: 18.88px; font-weight: 700;\">\u21d2<\/strong>&nbsp;Lema\u00eetre (Pierre), Appr\u00e9ciation du personnel et entretien de bilan, Paris, \u00c9ditions d\u2019Organisation,\n                      1981, r\u00e9\u00e9dit\u00e9 en 1987, 207 p.<\/p>\n                    <p> <strong style=\"color: rgb(70, 112, 127); font-family: &quot;Open Sans&quot;; font-size: 18.88px; font-weight: 700;\">\u21d2<\/strong>&nbsp;Lema\u00eetre (Pierre), M\u00e9thodologie appliqu\u00e9e au problem-solving, Paris, \u00c9ditions Chotard, 1983, 262 p.,\n                      r\u00e9\u00e9dit\u00e9 sous le titre Des m\u00e9thodes efficaces pour \u00e9tudier les probl\u00e8mes, en 1989.<\/p>\n                    <p> <strong style=\"color: rgb(70, 112, 127); font-family: &quot;Open Sans&quot;; font-size: 18.88px; font-weight: 700;\">\u21d2<\/strong>&nbsp;Lema\u00eetre (Pierre), Des m\u00e9thodes efficaces pour trouver des solutions, Paris, \u00c9ditions Chotard, 1985,\n                      267 p.\ufeff<\/p>\n                    <p> <strong style=\"color: rgb(70, 112, 127); font-family: &quot;Open Sans&quot;; font-size: 18.88px; font-weight: 700;\">\u21d2<\/strong>&nbsp;Lema\u00eetre (Pierre) et Fran\u00e7ois Maqu\u00e8re, Savoir apprendre, Paris, \u00c9ditions Chotard, 1986, 305 p.<\/p>\n                    <p><strong style=\"color: rgb(70, 112, 127); font-family: &quot;Open Sans&quot;; font-size: 18.88px; font-weight: 700;\">\u21d2<\/strong>&nbsp;Lema\u00eetre (Pierre) et Henri-Pierre Maders, Am\u00e9liorer l\u2019organisation administrative, Paris, \u00c9ditions\n                      d\u2019Organisation, 1994, 224 p.<\/p>\n                  <\/div>\n                <\/div>\n              <\/div>\n            <\/div>\n          <\/div>\n          <div class=\"h-column h-column-container d-flex h-col-lg-auto h-col-md-auto h-col-auto style-296-outer style-local-15-c13-outer\">\n            <div data-colibri-id=\"15-c13\" class=\"d-flex h-flex-basis h-column__inner h-px-lg-2 h-px-md-2 h-px-2 v-inner-lg-2 v-inner-md-2 v-inner-2 style-296 style-local-15-c13 position-relative\">\n              <!---->\n              <!---->\n              <div class=\"w-100 h-y-container h-column__content h-column__v-align flex-basis-100 align-self-lg-center align-self-md-center align-self-center\">\n                <!---->\n                <div data-colibri-id=\"15-c14\" class=\"h-text h-text-component style-298 style-local-15-c14 position-relative h-element\">\n                  <!---->\n                  <!---->\n                  <div class=\"\">\n                    <p><span style=\"font-size: 18.48px; font-weight: 600;\">\u21d2<\/span><span style=\"font-size: 15.12px;\">&nbsp;Lema\u00eetre (Pierre) et Henri-Pierre Maders, L\u2019efficacit\u00e9 du tertiaire par l\u2019analyse de la valeur, Paris, \u00c9ditions d\u2019Organisation, 1991, 312 p.<\/span><\/p>\n                    <p><span style=\"font-weight: 600; font-size: 18.48px;\">\u21d2<\/span><span style=\"font-size: 15.12px;\">&nbsp;Lema\u00eetre (Pierre) et coll., Guide du management dans le secteur bancaire, Paris, \u00c9ditions d\u2019Organisation, 1995, 459 p.<\/span><\/p>\n                    <p><span style=\"font-weight: 600; font-size: 18.48px;\">\u21d2<\/span><span style=\"font-size: 15.12px;\">&nbsp;Lema\u00eetre (Pierre) et Henri-Pierre Maders, Conduire un projet dans le tertiaire, Paris, \u00c9ditions d\u2019Organisation, 1997, r\u00e9\u00e9dit\u00e9 en 1998 et 2000, 224 p.<\/span><\/p>\n                    <p><span style=\"font-weight: 600; font-size: 18.48px;\">\u21d2<\/span><span style=\"font-size: 15.12px;\">&nbsp;Lema\u00eetre (Pierre A.), Contes et r\u00e9cits imaginaires de Bretagne int\u00e9rieure, Paris, \u00c9ditions L\u2019Harmattan, 2018, 305 p.\ufeff<\/span><\/p>\n                    <p><span style=\"font-weight: 600; font-size: 18.48px;\">\u21d2<\/span><span style=\"font-size: 15.12px;\">&nbsp;Lema\u00eetre (Pierre Alain), Rencontrer les Autres\u2026 cultures autour du monde, Bourg en Bresse, \u00c9ditions Cleyriane, 2020, 285 p.<\/span><\/p>\n                    <p><span style=\"font-weight: 600; font-size: 18.48px;\">\u21d2<\/span><span style=\"font-size: 15.12px;\">&nbsp;Lema\u00eetre (Pierre Alain), D\u00e9passer les antagonismes interculturels Un d\u00e9fi vital pour le monde, Paris, \u00c9ditions L&rsquo;Harmattan, 2020, 266 p.<\/span><\/p>\n                    <p><strong style=\"color: rgb(70, 112, 127); font-family: &quot;Open Sans&quot;; font-weight: 700; font-size: 18.88px;\">\u21d2<\/strong><span style=\"color: rgb(70, 112, 127); font-family: &quot;Open Sans&quot;; font-weight: 400; font-size: 98%;\">&nbsp;<\/span>\n                      <span\n                        style=\"color: rgb(70, 112, 127); font-weight: 400; font-size: 98%;\">Lema\u00eetre (Pierre Alain) et autres, De l\u2019Art et des Femmes \u00e0 Pondich\u00e9ry \u00bb, Editions Abbate-Piol\u00e9, 2021.<\/span><span style=\"font-size: 98%; color: rgb(70, 112, 127);\"><br><\/span><\/p>\n                    <p><strong style=\"font-family: &quot;Open Sans&quot;; font-weight: 700; font-size: 18.88px; color: rgb(70, 112, 127);\">\u21d2<\/strong><span style=\"font-family: &quot;Open Sans&quot;; font-weight: 400; font-size: 98%; color: rgb(70, 112, 127);\">&nbsp;<\/span>\n                      <span\n                        style=\"font-weight: 400; font-size: 98%; color: rgb(70, 112, 127);\">Lema\u00eetre (Pierre Alain), Une veill\u00e9e de r\u00e9cits magiques, Editions Le Lys Bleu,2023, 136 p.<\/span>\n                    <\/p>\n                    <p><strong style=\"font-weight: 700; font-size: 18.88px; color: rgb(70, 112, 127); font-family: &quot;Open Sans&quot;;\">\u21d2<\/strong><span style=\"font-weight: 400; font-size: 15.68px; color: rgb(70, 112, 127); font-family: &quot;Open Sans&quot;;\">&nbsp;<\/span>\n                      <span\n                        style=\"font-weight: 400; font-size: 98%; color: rgb(70, 112, 127);\">Lema\u00eetre (Pierre Alain), Une vie de baby-boomer, Editions Les Impliqu\u00e9s, 2024, 290 p.<\/span>\n                        <br>\n                    <\/p>\n                  <\/div>\n                <\/div>\n              <\/div>\n            <\/div>\n          <\/div>\n          <div class=\"h-column h-column-container d-flex h-col-lg-auto h-col-md-auto h-col-auto style-301-outer style-local-15-c15-outer\">\n            <div data-colibri-id=\"15-c15\" class=\"d-flex h-flex-basis h-column__inner h-ui-empty-state-container h-px-lg-0 h-px-md-0 h-px-0 v-inner-lg-0 v-inner-md-0 v-inner-0 style-301 style-local-15-c15 position-relative\">\n              <!---->\n              <!---->\n              <div class=\"w-100 h-y-container h-column__content h-column__v-align flex-basis-100\">\n                <!---->\n              <\/div>\n            <\/div>\n          <\/div>\n        <\/div>\n      <\/div>\n    <\/div>\n  <\/div>\n<\/div>","protected":false},"excerpt":{"rendered":"<p>De formation en psychologie sociale, Pierre A. Lema\u00eetre a men\u00e9 des missions de changements \u00e9conomiques et sociaux et de formation professionnelle, dans plus de 30 pays d\u2019Europe, d\u2019Afrique, d\u2019Asie et d\u2019Am\u00e9rique du Nord.Il a d\u00e9velopp\u00e9 ainsi une expertise particuli\u00e8re en qualit\u00e9 des services et en ma\u00eetrise des risques financiers et a publi\u00e9, une dizaine d\u2019ouvrages, [&hellip;]<\/p>\n","protected":false},"author":1,"featured_media":0,"parent":0,"menu_order":1,"comment_status":"closed","ping_status":"closed","template":"page-templates\/full-width-page.php","meta":{"footnotes":""},"class_list":["post-15","page","type-page","status-publish","hentry"],"rttpg_featured_image_url":null,"rttpg_author":{"display_name":"Pierre Alain Lemaitre","author_link":"https:\/\/lemaitrepierre.com\/index.php\/author\/admin9916\/"},"rttpg_comment":0,"rttpg_category":null,"rttpg_excerpt":"De formation en psychologie sociale, Pierre A. Lema\u00eetre a men\u00e9 des missions de changements \u00e9conomiques et sociaux et de formation professionnelle, dans plus de 30 pays d\u2019Europe, d\u2019Afrique, d\u2019Asie et d\u2019Am\u00e9rique du Nord.Il a d\u00e9velopp\u00e9 ainsi une expertise particuli\u00e8re en qualit\u00e9 des services et en ma\u00eetrise des risques financiers et a publi\u00e9, une dizaine d\u2019ouvrages,\u2026","_links":{"self":[{"href":"https:\/\/lemaitrepierre.com\/index.php\/wp-json\/wp\/v2\/pages\/15","targetHints":{"allow":["GET"]}}],"collection":[{"href":"https:\/\/lemaitrepierre.com\/index.php\/wp-json\/wp\/v2\/pages"}],"about":[{"href":"https:\/\/lemaitrepierre.com\/index.php\/wp-json\/wp\/v2\/types\/page"}],"author":[{"embeddable":true,"href":"https:\/\/lemaitrepierre.com\/index.php\/wp-json\/wp\/v2\/users\/1"}],"replies":[{"embeddable":true,"href":"https:\/\/lemaitrepierre.com\/index.php\/wp-json\/wp\/v2\/comments?post=15"}],"version-history":[{"count":21,"href":"https:\/\/lemaitrepierre.com\/index.php\/wp-json\/wp\/v2\/pages\/15\/revisions"}],"predecessor-version":[{"id":3058,"href":"https:\/\/lemaitrepierre.com\/index.php\/wp-json\/wp\/v2\/pages\/15\/revisions\/3058"}],"wp:attachment":[{"href":"https:\/\/lemaitrepierre.com\/index.php\/wp-json\/wp\/v2\/media?parent=15"}],"curies":[{"name":"wp","href":"https:\/\/api.w.org\/{rel}","templated":true}]}}