{"id":2,"date":"2020-09-29T15:02:20","date_gmt":"2020-09-29T13:02:20","guid":{"rendered":"http:\/\/lemaitrepierre.com\/?page_id=2"},"modified":"2025-04-10T16:24:37","modified_gmt":"2025-04-10T14:24:37","slug":"page-d-exemple","status":"publish","type":"page","link":"https:\/\/lemaitrepierre.com\/","title":{"rendered":"PAGE D&rsquo;ACCUEIL"},"content":{"rendered":"<div data-colibri-id=\"2-c1\" class=\"style-208 style-local-2-c1 position-relative\">\n  <!---->\n  <div data-colibri-component=\"section\" data-colibri-id=\"2-c2\" id=\"about-2\" class=\"h-section h-section-global-spacing d-flex align-items-lg-center align-items-md-center align-items-center style-237 style-local-2-c2 position-relative\">\n    <!---->\n    <!---->\n    <div class=\"h-section-grid-container h-section-fluid-container\">\n      <!---->\n      <div data-colibri-id=\"2-c3\" class=\"h-row-container gutters-row-lg-0 gutters-row-md-0 gutters-row-0 gutters-row-v-lg-0 gutters-row-v-md-0 gutters-row-v-0 style-238 style-local-2-c3 position-relative\">\n        <!---->\n        <div class=\"h-row justify-content-lg-center justify-content-md-center justify-content-center align-items-lg-stretch align-items-md-stretch align-items-stretch gutters-col-lg-0 gutters-col-md-0 gutters-col-0 gutters-col-v-lg-0 gutters-col-v-md-0 gutters-col-v-0\">\n          <!---->\n          <div class=\"h-column h-column-container d-flex h-col-lg-auto h-col-md-auto h-col-auto style-239-outer style-local-2-c4-outer\">\n            <div data-colibri-id=\"2-c4\" class=\"d-flex h-flex-basis h-column__inner h-px-lg-0 h-px-md-0 h-px-0 v-inner-lg-0 v-inner-md-0 v-inner-0 style-239 style-local-2-c4 position-relative\">\n              <!---->\n              <!---->\n              <div class=\"w-100 h-y-container h-column__content h-column__v-align flex-basis-100 align-self-lg-start align-self-md-start align-self-start\">\n                <!---->\n                <div data-colibri-id=\"2-c5\" class=\"h-global-transition-all h-heading style-241 style-local-2-c5 position-relative h-element\">\n                  <!---->\n                  <div class=\"h-heading__outer style-241 style-local-2-c5\">\n                    <!---->\n                    <!---->\n                    <h2 class=\"\">Our cultures <em style=\"color: rgb(3, 169, 244); font-family: &quot;Playfair Display&quot;;\">have opposed us<\/em>. It becomes <em style=\"color: rgb(3, 169, 244); font-family: &quot;Playfair Display&quot;;\">vital<\/em> that they\n                      <em\n                        style=\"color: rgb(3, 169, 244); font-family: &quot;Playfair Display&quot;;\">reconcile<\/em>.<\/h2>\n                  <\/div>\n                <\/div>\n                <div data-colibri-id=\"2-c6\" class=\"h-text h-text-component style-242 style-local-2-c6 position-relative h-element\">\n                  <!---->\n                  <!---->\n                  <div class=\"\">\n                    <p><span style=\"color: rgb(70, 112, 127); font-size: 14.6667px; font-weight: 400;\">Pierre Alain Lema\u00eetre has just published \u00ab\u00a0Une veill\u00e9e de r\u00e9cits magiques \u00bb (An evening of magical stories), Le Lys Bleu ed. It\u2019s a fiction telling an evening during which people, with various profiles (from children and teenagers, to old people), cite stories in which strange powers do impossible things. Everytime, what they tell refers to the difficulties of our time.<\/span>\n                      <span\n                        style=\"color: rgb(70, 112, 127);\">\n                        <br>\n                        <br>\n                        <\/span><span style=\"color: rgb(70, 112, 127); font-size: 14.6667px; font-weight: 400;\">In 2021, Pierre Alain Lema\u00eetre had participated in the writing of \u00ab\u00a0De l\u2019Art et des femmes \u00e0 Pondich\u00e9ry\u201d (Art and Women in Pondicherry), Abbate-Piol\u00e9 ed. This is an Art book which presents a social action that Pierre Alain Lema\u00eetre chaired during several years, then it describes a technique of embroidery by appliqu\u00e9s, that is traditional in South India and, finally it shows Indian culture through more of 140 photos of the embroidered canvas made on site.<\/span>\n                        <span\n                          style=\"color: rgb(70, 112, 127);\">\n                          <br>\n                          <br>\n                          <\/span><span style=\"color: rgb(70, 112, 127); font-size: 14.6667px; font-weight: 400;\">In 2020, Pierre Alain Lema\u00eetre published \u00ab\u00a0D\u00e9passer les antagonismes interculturels. Un d\u00e9fi vital pour le monde\u201d (Overcoming intercultural antagonisms A vital challenge for the world\u2019s survival), L&rsquo;Harmattan ed. It\u2019s an essay in sociology, economics and politics which shows that the different cultural characteristics of people crystallize and end up opposing nations. However, Pierre Alain Lema\u00eetre also underlines that if the cultures are sometimes divergent, they also reflect the adaptation to the living conditions of the people. Thus, they always change when the environment is changing&#8230; Today, they must evolve, because humanity faces demographic, ecological, economic and social threats likely to jeopardize its survival. The book emphasizes that these challenges are so complex that, to overcome them, the peoples will have to unite their efforts and, therefore, overcome their cultural differences and come to mutual understanding&#8230; and it indicates how this could be achieved.<\/span>\n                          <br>\n                    <\/p>\n                  <\/div>\n                <\/div>\n              <\/div>\n            <\/div>\n          <\/div>\n          <div class=\"h-column h-column-container d-flex h-col-lg-auto h-col-md-auto h-col-auto style-243-outer style-local-2-c7-outer\">\n            <div data-colibri-id=\"2-c7\" class=\"d-flex h-flex-basis h-column__inner h-ui-empty-state-container h-px-lg-2 h-px-md-2 h-px-2 v-inner-lg-2 v-inner-md-2 v-inner-2 style-243 style-local-2-c7 position-relative\">\n              <!---->\n              <!---->\n              <div class=\"w-100 h-y-container h-column__content h-column__v-align flex-basis-100\">\n                <!---->\n              <\/div>\n            <\/div>\n          <\/div>\n        <\/div>\n      <\/div>\n      <div data-colibri-id=\"2-c8\" class=\"h-row-container gutters-row-lg-2 gutters-row-md-2 gutters-row-0 gutters-row-v-lg-2 gutters-row-v-md-2 gutters-row-v-2 style-244 style-local-2-c8 position-relative\">\n        <!---->\n        <div class=\"h-row justify-content-lg-center justify-content-md-center justify-content-center align-items-lg-stretch align-items-md-stretch align-items-stretch gutters-col-lg-2 gutters-col-md-2 gutters-col-0 gutters-col-v-lg-2 gutters-col-v-md-2 gutters-col-v-2\">\n          <!---->\n          <div class=\"h-column h-column-container d-flex h-col-lg-auto h-col-md-auto h-col-auto style-245-outer style-local-2-c9-outer\">\n            <div data-colibri-id=\"2-c9\" class=\"d-flex h-flex-basis h-column__inner h-px-lg-2 h-px-md-2 h-px-2 v-inner-lg-2 v-inner-md-2 v-inner-2 style-245 style-local-2-c9 position-relative\">\n              <!---->\n              <!---->\n              <div class=\"w-100 h-y-container h-column__content h-column__v-align flex-basis-100 align-self-lg-start align-self-md-start align-self-start\">\n                <!---->\n                <div data-colibri-id=\"2-c10\" class=\"h-text h-text-component style-246 style-local-2-c10 position-relative h-element\">\n                  <!---->\n                  <!---->\n                  <div class=\"\">\n                    <p><span style=\"color: rgb(70, 112, 127);\">P<\/span><span style=\"font-family: &quot;Open Sans&quot;; font-weight: 400; font-size: 14.6667px; color: rgb(70, 112, 127);\">ierre Alain Lema\u00eetre had previously, in mid-2020, published another book entitled \u00ab\u00a0Rencontrer les Autres\u2026 cultures autour du monde\u201d (Meeting the cultures of others&#8230; around the world), Cleyriane ed. This is a travel book and an anthropology and ethnology essay which describes, based on anecdotes, the beliefs and uses that the author has observed, having worked and lived in more than thirty countries in Europe, America, Africa and Asia.<\/span><\/p>\n                    <p><span style=\"font-family: &quot;Open Sans&quot;; font-weight: 400; font-size: 14.6667px; color: rgb(70, 112, 127);\">Earlier, in 2020, Pierre Alain Lema\u00eetre recorded a double audio CD, under the title \u201cDix contes de ma grand-m\u00e8re bretonne\u201d (Ten tales from my breton grandmother). These stories were quoted in his book \u00ab\u00a0Contes et r\u00e9cits imaginaires de Bretagne int\u00e9rieure\u201d (Tales and imaginary stories of inner Brittany), previously published, in 2018, by L&rsquo;Harmattan. In this book, referring to things he was told during his childhood, Pierre Alain Lema\u00eetre illustrates and describes the culture of poor peasants in central Brittany at the beginning of the twentieth century.<\/span><\/p>\n                  <\/div>\n                <\/div>\n              <\/div>\n            <\/div>\n          <\/div>\n        <\/div>\n      <\/div>\n    <\/div>\n  <\/div>\n<\/div>","protected":false},"excerpt":{"rendered":"<p>Our cultures have opposed us. It becomes vital that they reconcile. Pierre Alain Lema\u00eetre has just published \u00ab\u00a0Une veill\u00e9e de r\u00e9cits magiques \u00bb (An evening of magical stories), Le Lys Bleu ed. It\u2019s a fiction telling an evening during which people, with various profiles (from children and teenagers, to old people), cite stories in which [&hellip;]<\/p>\n","protected":false},"author":1,"featured_media":0,"parent":0,"menu_order":0,"comment_status":"closed","ping_status":"open","template":"page-templates\/full-width-page.php","meta":{"footnotes":""},"class_list":["post-2","page","type-page","status-publish","hentry"],"rttpg_featured_image_url":null,"rttpg_author":{"display_name":"Pierre Alain Lemaitre","author_link":"https:\/\/lemaitrepierre.com\/index.php\/author\/admin9916\/"},"rttpg_comment":0,"rttpg_category":null,"rttpg_excerpt":"Our cultures have opposed us. It becomes vital that they reconcile. Pierre Alain Lema\u00eetre has just published \u00ab\u00a0Une veill\u00e9e de r\u00e9cits magiques \u00bb (An evening of magical stories), Le Lys Bleu ed. It\u2019s a fiction telling an evening during which people, with various profiles (from children and teenagers, to old people), cite stories in which\u2026","_links":{"self":[{"href":"https:\/\/lemaitrepierre.com\/index.php\/wp-json\/wp\/v2\/pages\/2","targetHints":{"allow":["GET"]}}],"collection":[{"href":"https:\/\/lemaitrepierre.com\/index.php\/wp-json\/wp\/v2\/pages"}],"about":[{"href":"https:\/\/lemaitrepierre.com\/index.php\/wp-json\/wp\/v2\/types\/page"}],"author":[{"embeddable":true,"href":"https:\/\/lemaitrepierre.com\/index.php\/wp-json\/wp\/v2\/users\/1"}],"replies":[{"embeddable":true,"href":"https:\/\/lemaitrepierre.com\/index.php\/wp-json\/wp\/v2\/comments?post=2"}],"version-history":[{"count":21,"href":"https:\/\/lemaitrepierre.com\/index.php\/wp-json\/wp\/v2\/pages\/2\/revisions"}],"predecessor-version":[{"id":3044,"href":"https:\/\/lemaitrepierre.com\/index.php\/wp-json\/wp\/v2\/pages\/2\/revisions\/3044"}],"wp:attachment":[{"href":"https:\/\/lemaitrepierre.com\/index.php\/wp-json\/wp\/v2\/media?parent=2"}],"curies":[{"name":"wp","href":"https:\/\/api.w.org\/{rel}","templated":true}]}}