{"id":2416,"date":"2023-05-04T21:46:16","date_gmt":"2023-05-04T19:46:16","guid":{"rendered":"https:\/\/lemaitrepierre.com\/?page_id=2416"},"modified":"2023-05-05T06:12:30","modified_gmt":"2023-05-05T04:12:30","slug":"une-veillee-de-recits-magiques","status":"publish","type":"page","link":"https:\/\/lemaitrepierre.com\/index.php\/une-veillee-de-recits-magiques\/","title":{"rendered":"Une veill\u00e9e de r\u00e9cits magiques"},"content":{"rendered":"<div data-colibri-id=\"2416-c1\" class=\"style-605 style-local-2416-c1 position-relative\">\n  <!---->\n  <div data-colibri-component=\"section\" data-colibri-id=\"2416-c2\" id=\"about\" class=\"h-section h-section-global-spacing d-flex align-items-lg-center align-items-md-center align-items-center style-606 style-local-2416-c2 position-relative\">\n    <!---->\n    <!---->\n    <div class=\"h-section-grid-container h-section-boxed-container\">\n      <!---->\n      <div data-colibri-id=\"2416-c3\" class=\"h-row-container gutters-row-lg-2 gutters-row-md-2 gutters-row-2 gutters-row-v-lg-2 gutters-row-v-md-2 gutters-row-v-2 style-607 style-local-2416-c3 position-relative\">\n        <!---->\n        <div class=\"h-row justify-content-lg-center justify-content-md-center justify-content-center align-items-lg-stretch align-items-md-stretch align-items-stretch gutters-col-lg-2 gutters-col-md-2 gutters-col-2 gutters-col-v-lg-2 gutters-col-v-md-2 gutters-col-v-2\">\n          <!---->\n          <div class=\"h-column h-column-container d-flex h-col-lg-auto h-col-md-auto h-col-auto style-614-outer style-local-2416-c4-outer\">\n            <div data-colibri-id=\"2416-c4\" class=\"d-flex h-flex-basis h-column__inner h-px-lg-2 h-px-md-2 h-px-2 v-inner-lg-2 v-inner-md-2 v-inner-2 style-614 style-local-2416-c4 position-relative\">\n              <!---->\n              <!---->\n              <div class=\"w-100 h-y-container h-column__content h-column__v-align flex-basis-100 align-self-lg-center align-self-md-center align-self-center\">\n                <!---->\n                <div data-colibri-id=\"2416-c5\" class=\"d-block style-615 style-local-2416-c5 position-relative h-element\">\n                  <!---->\n                  <div class=\"h-image__frame-container-outer\">\n                    <div class=\"h-image__frame-container\">\n                      <!---->\n                      <!---->\n                      <img loading=\"lazy\" decoding=\"async\" width=\"962\" height=\"1398\" src=\"https:\/\/lemaitrepierre.com\/wp-content\/uploads\/2023\/05\/Veillee-de-recits-magiques-copy-1.jpg\" class=\"wp-image-2419 style-615-image style-local-2416-c5-image\" alt=\"\" srcset=\"https:\/\/lemaitrepierre.com\/wp-content\/uploads\/2023\/05\/Veillee-de-recits-magiques-copy-1.jpg 962w, https:\/\/lemaitrepierre.com\/wp-content\/uploads\/2023\/05\/Veillee-de-recits-magiques-copy-1-206x300.jpg 206w, https:\/\/lemaitrepierre.com\/wp-content\/uploads\/2023\/05\/Veillee-de-recits-magiques-copy-1-705x1024.jpg 705w, https:\/\/lemaitrepierre.com\/wp-content\/uploads\/2023\/05\/Veillee-de-recits-magiques-copy-1-768x1116.jpg 768w\" sizes=\"auto, (max-width: 962px) 100vw, 962px\" \/>\n                      <div class=\"h-image__frame h-hide-sm style-615-frameImage style-local-2416-c5-frameImage\"><\/div>\n                    <\/div>\n                  <\/div>\n                <\/div>\n              <\/div>\n            <\/div>\n          <\/div>\n          <div class=\"h-column h-column-container d-flex h-col-lg-auto h-col-md-auto h-col-auto style-608-outer style-local-2416-c6-outer\">\n            <div data-colibri-id=\"2416-c6\" class=\"d-flex h-flex-basis h-column__inner h-px-lg-2 h-px-md-2 h-px-2 v-inner-lg-2 v-inner-md-2 v-inner-2 style-608 style-local-2416-c6 position-relative\">\n              <!---->\n              <!---->\n              <div class=\"w-100 h-y-container h-column__content h-column__v-align flex-basis-100 align-self-lg-center align-self-md-center align-self-center\">\n                <!---->\n                <div data-colibri-id=\"2416-c7\" class=\"h-lead h-text h-text-component style-611 style-local-2416-c7 position-relative h-element\">\n                  <!---->\n                  <!---->\n                  <div class=\"\">\n                    <p><span style=\"font-weight: 400; font-size: 14.6667px; color: rgb(36, 36, 36);\">Ce livre relate une soir\u00e9e au cours de laquelle des vieillards, des adolescents, des adultes et des enfants relatent des histoires qui sont, pour eux, r\u00e9v\u00e9latrices de la magie.&nbsp;<\/span>\n                      <br><span style=\"font-weight: 400; font-size: 14.6667px; color: rgb(36, 36, 36);\">Ils citent alors une \u00e9num\u00e9ration de ph\u00e9nom\u00e8nes incompr\u00e9hensibles, car, fondamentalement, la magie, c\u2019est la r\u00e9alisation de ce qu\u2019on pensait impossible.&nbsp;<\/span>\n                      <br><span style=\"font-weight: 400; font-size: 14.6667px; color: rgb(36, 36, 36);\">Les plus anciens des invit\u00e9s \u00e9voquent des dragons, des lutins, elfes ou korrigans, des sorciers et des revenants, esprits, ou fant\u00f4mes.&nbsp;<\/span>\n                      <br><span style=\"font-weight: 400; font-size: 14.6667px; color: rgb(36, 36, 36);\">Les plus jeunes d\u00e9crivent plut\u00f4t des repr\u00e9sentations virtuelles dans lesquelles on est confront\u00e9 \u00e0 des \u00e9preuves qui semblent insurmontables.&nbsp;<\/span>\n                      <br><span style=\"font-weight: 400; font-size: 14.6667px; color: rgb(36, 36, 36);\">Tous \u00e9voquent ainsi des ph\u00e9nom\u00e8nes qui semblent irr\u00e9alistes\u2026 et ne le sont peut-\u00eatre pas.&nbsp;<\/span>\n                      <br><span style=\"font-weight: 400; font-size: 14.6667px; color: rgb(36, 36, 36);\">Mais on est loin des prestidigitateurs, qui se disent magiciens en trompant les spectateurs.&nbsp;<\/span>\n                      <br><span style=\"font-weight: 400; font-size: 14.6667px; color: rgb(36, 36, 36);\">Le livre mentionne ainsi des m\u00e9tamorphoses d\u2019hommes en animaux et des gens dont la taille est r\u00e9duite, ou qui sont invisibles. Est-ce r\u00e9ellement impossible maintenant ? On bien sont cit\u00e9s des pouvoirs de modification de la mati\u00e8re par la pens\u00e9e, des envoutements ou des sortil\u00e8ges. Mais ne nous comprenons-nous pas souvent sans \u00e9changer un mot\u2026 et n\u2019arrive-t-il pas que nous soyons influenc\u00e9s par des suggestions ou des convictions ?&nbsp;<\/span>\n                      <br><span style=\"font-weight: 400; font-size: 14.6667px; color: rgb(36, 36, 36);\">L\u2019\u00e9vocation de tous ces ph\u00e9nom\u00e8nes \u00e9tranges est une occasion pour \u00e9voquer les d\u00e9rives actuelles de notre monde et les menaces sur la survie de l\u2019humanit\u00e9.&nbsp;<\/span>\n                      <br><span style=\"font-weight: 400; font-size: 14.6667px; color: rgb(36, 36, 36);\">Cela ne veut pas dire qu\u2019il faille croire n\u2019importe quoi !\u00a0\u00bb<\/span><\/p>\n                  <\/div>\n                <\/div>\n              <\/div>\n            <\/div>\n          <\/div>\n        <\/div>\n      <\/div>\n    <\/div>\n  <\/div>\n  <div data-colibri-component=\"section\" data-colibri-id=\"2416-c8\" id=\"overlappable\" class=\"h-section h-section-global-spacing d-flex align-items-lg-center align-items-md-center align-items-center style-621 style-local-2416-c8 position-relative\">\n    <!---->\n    <!---->\n    <div class=\"h-section-grid-container h-section-boxed-container\">\n      <!---->\n      <div data-colibri-id=\"2416-c9\" class=\"h-row-container gutters-row-lg-0 gutters-row-md-0 gutters-row-2 gutters-row-v-lg-0 gutters-row-v-md-0 gutters-row-v-2 style-622 style-local-2416-c9 position-relative\">\n        <!---->\n        <div class=\"h-row justify-content-lg-center justify-content-md-center justify-content-center align-items-lg-stretch align-items-md-stretch align-items-stretch gutters-col-lg-0 gutters-col-md-0 gutters-col-2 gutters-col-v-lg-0 gutters-col-v-md-0 gutters-col-v-2\">\n          <!---->\n          <div class=\"h-column h-column-container d-flex h-col-lg-4 h-col-md-4 h-col-12 style-623-outer style-local-2416-c10-outer\">\n            <div data-colibri-id=\"2416-c10\" class=\"d-flex h-flex-basis h-column__inner h-px-lg-0 h-px-md-3 h-px-2 v-inner-lg-0 v-inner-md-3 v-inner-2 style-623 style-local-2416-c10 position-relative\">\n              <!---->\n              <!---->\n              <div class=\"w-100 h-y-container h-column__content h-column__v-align flex-basis-100 align-self-lg-start align-self-md-start align-self-start\">\n                <!---->\n                <div data-colibri-id=\"2416-c11\" class=\"h-row-container gutters-row-lg-2 gutters-row-md-2 gutters-row-0 gutters-row-v-lg-2 gutters-row-v-md-2 gutters-row-v-2 style-624 style-local-2416-c11 position-relative\">\n                  <!---->\n                  <div class=\"h-row justify-content-lg-center justify-content-md-center justify-content-center align-items-lg-stretch align-items-md-stretch align-items-stretch gutters-col-lg-2 gutters-col-md-2 gutters-col-0 gutters-col-v-lg-2 gutters-col-v-md-2 gutters-col-v-2\">\n                    <!---->\n                    <div class=\"h-column h-column-container d-flex h-col-lg-auto h-col-md-auto h-col-auto style-627-outer style-local-2416-c12-outer\">\n                      <div data-colibri-id=\"2416-c12\" class=\"d-flex h-flex-basis h-column__inner h-px-lg-0 h-px-md-0 h-px-0 v-inner-lg-0 v-inner-md-0 v-inner-0 style-627 style-local-2416-c12 position-relative\">\n                        <!---->\n                        <!---->\n                        <div class=\"w-100 h-y-container h-column__content h-column__v-align flex-basis-100 align-self-lg-start align-self-md-start align-self-start\">\n                          <!---->\n                          <div data-colibri-id=\"2416-c13\" class=\"h-x-container style-632 style-local-2416-c13 position-relative h-element\">\n                            <!---->\n                            <div class=\"h-x-container-inner style-dynamic-2416-c13-group style-632-spacing style-local-2416-c13-spacing\"><span class=\"h-button__outer style-633-outer style-local-2416-c14-outer d-inline-flex h-element\"><a h-use-smooth-scroll=\"true\" href=\"https:\/\/lemaitrepierre.com\/index.php\/de-lart-et-des-femmes-a-pondichery-latelier-au-fils-dindra\/\"  data-colibri-id=\"2416-c14\" class=\"d-flex w-100 align-items-center h-button justify-content-lg-center justify-content-md-center justify-content-center style-633 style-local-2416-c14 position-relative\"><!----><!----> <span>OEUVRE PR\u00c9C\u00c9DENTE<\/span><\/a>\n                              <\/span>\n                            <\/div>\n                          <\/div>\n                        <\/div>\n                      <\/div>\n                    <\/div>\n                  <\/div>\n                <\/div>\n              <\/div>\n            <\/div>\n          <\/div>\n          <div class=\"h-column h-column-container d-flex h-col-lg-4 h-col-md-4 h-col-12 style-623-outer style-local-2416-c15-outer\">\n            <div data-colibri-id=\"2416-c15\" class=\"d-flex h-flex-basis h-column__inner h-px-lg-0 h-px-md-3 h-px-2 v-inner-lg-0 v-inner-md-3 v-inner-2 style-623 style-local-2416-c15 position-relative\">\n              <!---->\n              <!---->\n              <div class=\"w-100 h-y-container h-column__content h-column__v-align flex-basis-100 align-self-lg-start align-self-md-start align-self-start\">\n                <!---->\n                <div data-colibri-id=\"2416-c16\" class=\"h-row-container gutters-row-lg-2 gutters-row-md-2 gutters-row-0 gutters-row-v-lg-2 gutters-row-v-md-2 gutters-row-v-2 style-624 style-local-2416-c16 position-relative\">\n                  <!---->\n                  <div class=\"h-row justify-content-lg-center justify-content-md-center justify-content-center align-items-lg-stretch align-items-md-stretch align-items-stretch gutters-col-lg-2 gutters-col-md-2 gutters-col-0 gutters-col-v-lg-2 gutters-col-v-md-2 gutters-col-v-2\">\n                    <!---->\n                    <div class=\"h-column h-column-container d-flex h-col-lg-auto h-col-md-auto h-col-auto style-627-outer style-local-2416-c17-outer\">\n                      <div data-colibri-id=\"2416-c17\" class=\"d-flex h-flex-basis h-column__inner h-ui-empty-state-container h-px-lg-0 h-px-md-0 h-px-0 v-inner-lg-0 v-inner-md-0 v-inner-0 style-627 style-local-2416-c17 position-relative\">\n                        <!---->\n                        <!---->\n                        <div class=\"w-100 h-y-container h-column__content h-column__v-align flex-basis-100\">\n                          <!---->\n                        <\/div>\n                      <\/div>\n                    <\/div>\n                  <\/div>\n                <\/div>\n              <\/div>\n            <\/div>\n          <\/div>\n          <div class=\"h-column h-column-container d-flex h-col-lg-4 h-col-md-4 h-col-12 style-623-outer style-local-2416-c18-outer\">\n            <div data-colibri-id=\"2416-c18\" class=\"d-flex h-flex-basis h-column__inner h-px-lg-0 h-px-md-3 h-px-2 v-inner-lg-0 v-inner-md-3 v-inner-2 style-623 style-local-2416-c18 position-relative\">\n              <!---->\n              <!---->\n              <div class=\"w-100 h-y-container h-column__content h-column__v-align flex-basis-100 align-self-lg-start align-self-md-start align-self-start\">\n                <!---->\n                <div data-colibri-id=\"2416-c19\" class=\"h-row-container gutters-row-lg-2 gutters-row-md-2 gutters-row-0 gutters-row-v-lg-2 gutters-row-v-md-2 gutters-row-v-2 style-624 style-local-2416-c19 position-relative\">\n                  <!---->\n                  <div class=\"h-row justify-content-lg-center justify-content-md-center justify-content-center align-items-lg-stretch align-items-md-stretch align-items-stretch gutters-col-lg-2 gutters-col-md-2 gutters-col-0 gutters-col-v-lg-2 gutters-col-v-md-2 gutters-col-v-2\">\n                    <!---->\n                    <div class=\"h-column h-column-container d-flex h-col-lg-auto h-col-md-auto h-col-auto style-627-outer style-local-2416-c20-outer\">\n                      <div data-colibri-id=\"2416-c20\" class=\"d-flex h-flex-basis h-column__inner h-px-lg-0 h-px-md-0 h-px-0 v-inner-lg-0 v-inner-md-0 v-inner-0 style-627 style-local-2416-c20 position-relative\">\n                        <!---->\n                        <!---->\n                        <div class=\"w-100 h-y-container h-column__content h-column__v-align flex-basis-100 align-self-lg-start align-self-md-start align-self-start\">\n                          <!---->\n                          <div data-colibri-id=\"2416-c21\" class=\"h-x-container style-630 style-local-2416-c21 position-relative h-element\">\n                            <!---->\n                            <div class=\"h-x-container-inner style-dynamic-2416-c21-group style-630-spacing style-local-2416-c21-spacing\"><span class=\"h-button__outer style-631-outer style-local-2416-c22-outer d-inline-flex h-element\"><a h-use-smooth-scroll=\"true\" href=\"https:\/\/lemaitrepierre.com\/index.php\/contes-et-recits-imaginaires-de-bretagne-interieure\/\"  data-colibri-id=\"2416-c22\" class=\"d-flex w-100 align-items-center h-button justify-content-lg-center justify-content-md-center justify-content-center style-631 style-local-2416-c22 position-relative\"><!----><!----> <span>OEUVRE SUIVANTE<\/span><\/a>\n                              <\/span>\n                            <\/div>\n                          <\/div>\n                        <\/div>\n                      <\/div>\n                    <\/div>\n                  <\/div>\n                <\/div>\n              <\/div>\n            <\/div>\n          <\/div>\n        <\/div>\n      <\/div>\n    <\/div>\n  <\/div>\n  <div data-colibri-component=\"section\" data-colibri-id=\"2416-c23\" id=\"contact\" class=\"h-section h-section-global-spacing d-flex align-items-lg-center align-items-md-center align-items-center style-616 style-local-2416-c23 position-relative\">\n    <!---->\n    <!---->\n    <div class=\"h-section-grid-container h-section-boxed-container\">\n      <!---->\n      <div data-colibri-id=\"2416-c24\" class=\"h-row-container gutters-row-lg-2 gutters-row-md-2 gutters-row-2 gutters-row-v-lg-2 gutters-row-v-md-2 gutters-row-v-2 style-617 style-local-2416-c24 position-relative\">\n        <!---->\n        <div class=\"h-row justify-content-lg-center justify-content-md-center justify-content-center align-items-lg-stretch align-items-md-stretch align-items-stretch gutters-col-lg-2 gutters-col-md-2 gutters-col-2 gutters-col-v-lg-2 gutters-col-v-md-2 gutters-col-v-2\">\n          <!---->\n          <div class=\"h-column h-column-container d-flex h-col-lg-auto h-col-md-auto h-col-auto style-618-outer style-local-2416-c25-outer\">\n            <div data-colibri-id=\"2416-c25\" class=\"d-flex h-flex-basis h-column__inner h-px-lg-0 h-px-md-0 h-px-0 v-inner-lg-0 v-inner-md-0 v-inner-0 style-618 style-local-2416-c25 position-relative\">\n              <div class=\"background-wrapper\">\n                <div class=\"background-layer background-layer-media-container-lg\">\n                  <!---->\n                  <div class=\"overlay-layer\">\n                    <div class=\"overlay-image-layer\" style=\"background-color: rgb(255, 255, 255); opacity: 0.8;\"><\/div>\n                  <\/div>\n                <\/div>\n                <div class=\"background-layer background-layer-media-container-md\">\n                  <!---->\n                  <div class=\"overlay-layer\">\n                    <div class=\"overlay-image-layer\" style=\"background-color: rgb(255, 255, 255); opacity: 0.8;\"><\/div>\n                  <\/div>\n                <\/div>\n                <div class=\"background-layer background-layer-media-container\">\n                  <!---->\n                  <div class=\"overlay-layer\">\n                    <div class=\"overlay-image-layer\" style=\"background-color: rgb(255, 255, 255); opacity: 0.8;\"><\/div>\n                  <\/div>\n                <\/div>\n              <\/div>\n              <!---->\n              <div class=\"w-100 h-y-container h-column__content h-column__v-align flex-basis-100 align-self-lg-center align-self-md-center align-self-center\">\n                <!---->\n                <div data-colibri-id=\"2416-c26\" class=\"style-620 style-local-2416-c26 position-relative h-element\">\n                  <!---->\n                  <div class=\"h-global-transition-all h-global-transition h-global-transition-all h-contact-form-shortcode\">\n<div class=\"wpcf7 no-js\" id=\"wpcf7-f2433-o1\" lang=\"fr-FR\" dir=\"ltr\" data-wpcf7-id=\"2433\">\n<div class=\"screen-reader-response\"><p role=\"status\" aria-live=\"polite\" aria-atomic=\"true\"><\/p> <ul><\/ul><\/div>\n<form action=\"\/index.php\/wp-json\/wp\/v2\/pages\/2416#wpcf7-f2433-o1\" method=\"post\" class=\"wpcf7-form init\" aria-label=\"Formulaire de contact\" novalidate=\"novalidate\" data-status=\"init\">\n<fieldset class=\"hidden-fields-container\"><input type=\"hidden\" name=\"_wpcf7\" value=\"2433\" \/><input type=\"hidden\" name=\"_wpcf7_version\" value=\"6.1.5\" \/><input type=\"hidden\" name=\"_wpcf7_locale\" value=\"fr_FR\" \/><input type=\"hidden\" name=\"_wpcf7_unit_tag\" value=\"wpcf7-f2433-o1\" \/><input type=\"hidden\" name=\"_wpcf7_container_post\" value=\"0\" \/><input type=\"hidden\" name=\"_wpcf7_posted_data_hash\" value=\"\" \/>\n<\/fieldset>\n<p><label><br \/>\nJe souhaite acheter \" UNE VEILL\u00c9E DE R\u00c9CITS MAGIQUES \" <\/label>\n<\/p>\n<p><label> Votre nom (obligatoire)<br \/>\n<span class=\"wpcf7-form-control-wrap\" data-name=\"your-name\"><input size=\"40\" maxlength=\"400\" class=\"wpcf7-form-control wpcf7-text wpcf7-validates-as-required\" aria-required=\"true\" aria-invalid=\"false\" value=\"\" type=\"text\" name=\"your-name\" \/><\/span> <\/label>\n<\/p>\n<p><label> Votre adresse de messagerie (obligatoire)<br \/>\n<span class=\"wpcf7-form-control-wrap\" data-name=\"your-email\"><input size=\"40\" maxlength=\"400\" class=\"wpcf7-form-control wpcf7-email wpcf7-validates-as-required wpcf7-text wpcf7-validates-as-email\" aria-required=\"true\" aria-invalid=\"false\" value=\"\" type=\"email\" name=\"your-email\" \/><\/span> <\/label>\n<\/p>\n<p><label> Merci de laisser vos coordonn\u00e9es compl\u00e8tes !<br \/>\n<span class=\"wpcf7-form-control-wrap\" data-name=\"your-message\"><textarea cols=\"40\" rows=\"10\" maxlength=\"2000\" class=\"wpcf7-form-control wpcf7-textarea\" aria-invalid=\"false\" name=\"your-message\"><\/textarea><\/span> <\/label><br \/>\n<label><br \/>\nUn email vous sera envoy\u00e9 rapidement afin de vous communiquer l'adresse \u00e0 laquelle il faudra envoyer votre ch\u00e8que. Merci <\/label>\n<\/p>\n<p><input class=\"wpcf7-form-control wpcf7-submit has-spinner\" type=\"submit\" value=\"Envoyer\" \/>\n<\/p><input type=\"hidden\" id=\"ct_checkjs_cf7_e56954b4f6347e897f954495eab16a88\" name=\"ct_checkjs_cf7\" value=\"0\" \/><script >setTimeout(function(){var ct_input_name = \"ct_checkjs_cf7_e56954b4f6347e897f954495eab16a88\";if (document.getElementById(ct_input_name) !== null) {var ct_input_value = document.getElementById(ct_input_name).value;document.getElementById(ct_input_name).value = document.getElementById(ct_input_name).value.replace(ct_input_value, '0275aadf6de2d8cf26a7e1514f4168d51a820aff4c841b76e543b9213e7abb45');}}, 1000);<\/script><input\n                    class=\"apbct_special_field apbct_email_id__wp_contact_form_7\"\n                    name=\"apbct__email_id__wp_contact_form_7\"\n                    aria-label=\"apbct__label_id__wp_contact_form_7\"\n                    type=\"text\" size=\"30\" maxlength=\"200\" autocomplete=\"off\"\n                    value=\"\"\n                \/><div class=\"wpcf7-response-output\" aria-hidden=\"true\"><\/div>\n<\/form>\n<\/div>\n<\/div>\n                <\/div>\n              <\/div>\n            <\/div>\n          <\/div>\n        <\/div>\n      <\/div>\n    <\/div>\n  <\/div>\n<\/div>","protected":false},"excerpt":{"rendered":"<p>Ce livre relate une soir\u00e9e au cours de laquelle des vieillards, des adolescents, des adultes et des enfants relatent des histoires qui sont, pour eux, r\u00e9v\u00e9latrices de la magie.&nbsp; Ils citent alors une \u00e9num\u00e9ration de ph\u00e9nom\u00e8nes incompr\u00e9hensibles, car, fondamentalement, la magie, c\u2019est la r\u00e9alisation de ce qu\u2019on pensait impossible.&nbsp; Les plus anciens des invit\u00e9s \u00e9voquent [&hellip;]<\/p>\n","protected":false},"author":1,"featured_media":0,"parent":0,"menu_order":0,"comment_status":"closed","ping_status":"closed","template":"page-templates\/full-width-page.php","meta":{"footnotes":""},"class_list":["post-2416","page","type-page","status-publish","hentry"],"rttpg_featured_image_url":null,"rttpg_author":{"display_name":"Pierre Alain Lemaitre","author_link":"https:\/\/lemaitrepierre.com\/index.php\/author\/admin9916\/"},"rttpg_comment":0,"rttpg_category":null,"rttpg_excerpt":"Ce livre relate une soir\u00e9e au cours de laquelle des vieillards, des adolescents, des adultes et des enfants relatent des histoires qui sont, pour eux, r\u00e9v\u00e9latrices de la magie.&nbsp; Ils citent alors une \u00e9num\u00e9ration de ph\u00e9nom\u00e8nes incompr\u00e9hensibles, car, fondamentalement, la magie, c\u2019est la r\u00e9alisation de ce qu\u2019on pensait impossible.&nbsp; Les plus anciens des invit\u00e9s \u00e9voquent\u2026","_links":{"self":[{"href":"https:\/\/lemaitrepierre.com\/index.php\/wp-json\/wp\/v2\/pages\/2416","targetHints":{"allow":["GET"]}}],"collection":[{"href":"https:\/\/lemaitrepierre.com\/index.php\/wp-json\/wp\/v2\/pages"}],"about":[{"href":"https:\/\/lemaitrepierre.com\/index.php\/wp-json\/wp\/v2\/types\/page"}],"author":[{"embeddable":true,"href":"https:\/\/lemaitrepierre.com\/index.php\/wp-json\/wp\/v2\/users\/1"}],"replies":[{"embeddable":true,"href":"https:\/\/lemaitrepierre.com\/index.php\/wp-json\/wp\/v2\/comments?post=2416"}],"version-history":[{"count":11,"href":"https:\/\/lemaitrepierre.com\/index.php\/wp-json\/wp\/v2\/pages\/2416\/revisions"}],"predecessor-version":[{"id":2586,"href":"https:\/\/lemaitrepierre.com\/index.php\/wp-json\/wp\/v2\/pages\/2416\/revisions\/2586"}],"wp:attachment":[{"href":"https:\/\/lemaitrepierre.com\/index.php\/wp-json\/wp\/v2\/media?parent=2416"}],"curies":[{"name":"wp","href":"https:\/\/api.w.org\/{rel}","templated":true}]}}