{"id":2889,"date":"2024-12-12T06:16:07","date_gmt":"2024-12-12T05:16:07","guid":{"rendered":"https:\/\/lemaitrepierre.com\/?page_id=2889"},"modified":"2024-12-12T07:00:06","modified_gmt":"2024-12-12T06:00:06","slug":"une-vie-de-baby-boomer","status":"publish","type":"page","link":"https:\/\/lemaitrepierre.com\/index.php\/une-vie-de-baby-boomer\/","title":{"rendered":"Une vie de BABY-BOOMER"},"content":{"rendered":"<div data-colibri-id=\"2889-c1\" class=\"style-673 style-local-2889-c1 position-relative\">\n  <!---->\n  <div data-colibri-component=\"section\" data-colibri-id=\"2889-c2\" id=\"about-2\" class=\"h-section h-section-global-spacing d-flex align-items-lg-center align-items-md-center align-items-center style-693 style-local-2889-c2 position-relative\">\n    <!---->\n    <!---->\n    <div class=\"h-section-grid-container h-section-boxed-container\">\n      <!---->\n      <div data-colibri-id=\"2889-c3\" class=\"h-row-container gutters-row-lg-2 gutters-row-md-2 gutters-row-2 gutters-row-v-lg-2 gutters-row-v-md-2 gutters-row-v-2 style-694 style-local-2889-c3 position-relative\">\n        <!---->\n        <div class=\"h-row justify-content-lg-center justify-content-md-center justify-content-center align-items-lg-stretch align-items-md-stretch align-items-stretch gutters-col-lg-2 gutters-col-md-2 gutters-col-2 gutters-col-v-lg-2 gutters-col-v-md-2 gutters-col-v-2\">\n          <!---->\n          <div class=\"h-column h-column-container d-flex h-col-lg-auto h-col-md-auto h-col-auto style-695-outer style-local-2889-c4-outer\">\n            <div data-colibri-id=\"2889-c4\" class=\"d-flex h-flex-basis h-column__inner h-px-lg-2 h-px-md-2 h-px-2 v-inner-lg-2 v-inner-md-2 v-inner-2 style-695 style-local-2889-c4 position-relative\">\n              <!---->\n              <!---->\n              <div class=\"w-100 h-y-container h-column__content h-column__v-align flex-basis-100 align-self-lg-center align-self-md-center align-self-center\">\n                <!---->\n                <div data-colibri-id=\"2889-c5\" class=\"h-lead h-text h-text-component style-698 style-local-2889-c5 position-relative h-element\">\n                  <!---->\n                  <!---->\n                  <div class=\"\">\n                    <p><span style=\"color: rgb(70, 112, 127); font-size: 109%;\">Ce livre comprend d\u2019abord 200 pages de description de la vie professionnelle et familiale aventureuse d\u2019un \u00ab baby-boomer \u00bb itin\u00e9rant, qui a eu des exp\u00e9riences tr\u00e8s diverses, en ayant exerc\u00e9 au moins douze m\u00e9tiers et v\u00e9cu dans une trentaine de pays. <\/span><\/p>\n                    <p><span style=\"color: rgb(70, 112, 127); font-size: 109%;\">Puis on y trouve 70 pages d\u2019observations et r\u00e9flexions critiques sur la g\u00e9n\u00e9ration n\u00e9e apr\u00e8s la fin de la Seconde Guerre Mondiale&nbsp;: ce qui les a marqu\u00e9s (la reconstruction, la croissance des trente glorieuses, les d\u00e9colonisations, mai 1968, la crise \u00e9conomique des ann\u00e9es 1970, la fin de la guerre froide, etc.), ce qu\u2019ils ont fait et produit (le d\u00e9veloppement de l\u2019informatique, du marketing, de la consommation et de la mondialisation&#8230;), ce qu\u2019ils ont laiss\u00e9 passer et ce qu\u2019ils l\u00e8guent \u00e0 leurs petits-enfants&#8230;<\/span><\/p>\n                    <p><span style=\"color: rgb(70, 112, 127); font-size: 109%;\"> Les lecteurs de cette g\u00e9n\u00e9ration peuvent y reconna\u00eetre ce qu\u2019ils ont v\u00e9cu, y clarifier la part qu\u2019ils ont prise dans les transformations du monde du demi-si\u00e8cle dernier et y trouver des explications de leurs propres convictions. <\/span><\/p>\n                    <p><span style=\"color: rgb(70, 112, 127); font-size: 109%;\"> Les plus jeunes trouveront dans cet ouvrage les raisons des pratiques de ceux qui leur ont donn\u00e9 la vie et ont conditionn\u00e9 leurs propres existences.<\/span>\n                      <br>\n                      <br><em style=\"color: rgb(70, 112, 127);\">Publi\u00e9 par Les Impliqu\u00e9s \u00c9diteur, distribu\u00e9 par L\u2019Harmattan<\/em>\n                      <br>\n                    <\/p>\n                  <\/div>\n                <\/div>\n              <\/div>\n            <\/div>\n          <\/div>\n          <div class=\"h-column h-column-container d-flex h-col-lg-auto h-col-md-auto h-col-auto style-701-outer style-local-2889-c6-outer\">\n            <div data-colibri-id=\"2889-c6\" class=\"d-flex h-flex-basis h-column__inner h-px-lg-2 h-px-md-2 h-px-2 v-inner-lg-2 v-inner-md-2 v-inner-2 style-701 style-local-2889-c6 position-relative\">\n              <!---->\n              <!---->\n              <div class=\"w-100 h-y-container h-column__content h-column__v-align flex-basis-100 align-self-lg-center align-self-md-center align-self-center\">\n                <!---->\n                <div data-colibri-id=\"2889-c7\" class=\"d-block style-702 style-local-2889-c7 position-relative h-element\">\n                  <!---->\n                  <div class=\"h-image__frame-container-outer\">\n                    <div class=\"h-image__frame-container\">\n                      <!---->\n                      <!---->\n                      <img loading=\"lazy\" decoding=\"async\" width=\"1621\" height=\"2560\" src=\"https:\/\/lemaitrepierre.com\/wp-content\/uploads\/2024\/12\/page-de-garde-du-dernier-livre-IMG_20241127_094433-scaled.jpg\" class=\"wp-image-2881 style-702-image style-local-2889-c7-image\" alt=\"\" srcset=\"https:\/\/lemaitrepierre.com\/wp-content\/uploads\/2024\/12\/page-de-garde-du-dernier-livre-IMG_20241127_094433-scaled.jpg 1621w, https:\/\/lemaitrepierre.com\/wp-content\/uploads\/2024\/12\/page-de-garde-du-dernier-livre-IMG_20241127_094433-190x300.jpg 190w, https:\/\/lemaitrepierre.com\/wp-content\/uploads\/2024\/12\/page-de-garde-du-dernier-livre-IMG_20241127_094433-649x1024.jpg 649w, https:\/\/lemaitrepierre.com\/wp-content\/uploads\/2024\/12\/page-de-garde-du-dernier-livre-IMG_20241127_094433-768x1213.jpg 768w, https:\/\/lemaitrepierre.com\/wp-content\/uploads\/2024\/12\/page-de-garde-du-dernier-livre-IMG_20241127_094433-973x1536.jpg 973w, https:\/\/lemaitrepierre.com\/wp-content\/uploads\/2024\/12\/page-de-garde-du-dernier-livre-IMG_20241127_094433-1297x2048.jpg 1297w\" sizes=\"auto, (max-width: 1621px) 100vw, 1621px\" \/>\n                      <div class=\"h-image__frame h-hide-sm style-702-frameImage style-local-2889-c7-frameImage\"><\/div>\n                    <\/div>\n                  <\/div>\n                <\/div>\n              <\/div>\n            <\/div>\n          <\/div>\n        <\/div>\n      <\/div>\n    <\/div>\n  <\/div>\n  <div data-colibri-component=\"section\" data-colibri-id=\"2889-c8\" id=\"reusable-sections\" class=\"h-section h-section-global-spacing d-flex align-items-lg-center align-items-md-center align-items-center style-684 style-local-2889-c8 position-relative\">\n    <!---->\n    <!---->\n    <div class=\"h-section-grid-container h-section-boxed-container\">\n      <!---->\n      <div data-colibri-id=\"2889-c9\" class=\"h-row-container gutters-row-lg-0 gutters-row-md-0 gutters-row-2 gutters-row-v-lg-0 gutters-row-v-md-0 gutters-row-v-2 style-685 style-local-2889-c9 position-relative\">\n        <!---->\n        <div class=\"h-row justify-content-lg-center justify-content-md-center justify-content-center align-items-lg-stretch align-items-md-stretch align-items-stretch gutters-col-lg-0 gutters-col-md-0 gutters-col-2 gutters-col-v-lg-0 gutters-col-v-md-0 gutters-col-v-2\">\n          <!---->\n          <div class=\"h-column h-column-container d-flex h-col-lg-4 h-col-md-4 h-col-12 style-686-outer style-local-2889-c10-outer\">\n            <div data-colibri-id=\"2889-c10\" class=\"d-flex h-flex-basis h-column__inner h-px-lg-0 h-px-md-3 h-px-2 v-inner-lg-0 v-inner-md-3 v-inner-2 style-686 style-local-2889-c10 position-relative\">\n              <!---->\n              <!---->\n              <div class=\"w-100 h-y-container h-column__content h-column__v-align flex-basis-100 align-self-lg-start align-self-md-start align-self-start\">\n                <!---->\n                <div data-colibri-id=\"2889-c11\" class=\"h-row-container gutters-row-lg-2 gutters-row-md-2 gutters-row-0 gutters-row-v-lg-2 gutters-row-v-md-2 gutters-row-v-2 style-687 style-local-2889-c11 position-relative\">\n                  <!---->\n                  <div class=\"h-row justify-content-lg-center justify-content-md-center justify-content-center align-items-lg-stretch align-items-md-stretch align-items-stretch gutters-col-lg-2 gutters-col-md-2 gutters-col-0 gutters-col-v-lg-2 gutters-col-v-md-2 gutters-col-v-2\">\n                    <!---->\n                    <div class=\"h-column h-column-container d-flex h-col-lg-auto h-col-md-auto h-col-auto style-688-outer style-local-2889-c12-outer\">\n                      <div data-colibri-id=\"2889-c12\" class=\"d-flex h-flex-basis h-column__inner h-px-lg-0 h-px-md-0 h-px-0 v-inner-lg-0 v-inner-md-0 v-inner-0 style-688 style-local-2889-c12 position-relative\">\n                        <!---->\n                        <!---->\n                        <div class=\"w-100 h-y-container h-column__content h-column__v-align flex-basis-100 align-self-lg-start align-self-md-start align-self-start\">\n                          <!---->\n                          <div data-colibri-id=\"2889-c13\" class=\"h-x-container style-689 style-local-2889-c13 position-relative h-element\">\n                            <!---->\n                            <div class=\"h-x-container-inner style-dynamic-2889-c13-group style-689-spacing style-local-2889-c13-spacing\"><span class=\"h-button__outer style-690-outer style-local-2889-c14-outer d-inline-flex h-element\"><a h-use-smooth-scroll=\"true\" href=\"https:\/\/lemaitrepierre.com\/index.php\/10-contes-de-ma-grand-mere-bretonne\/\"  data-colibri-id=\"2889-c14\" class=\"d-flex w-100 align-items-center h-button justify-content-lg-center justify-content-md-center justify-content-center style-690 style-local-2889-c14 position-relative\"><!----><!----> <span>OEUVRE PR\u00c9C\u00c9DENTE<\/span><\/a>\n                              <\/span>\n                            <\/div>\n                          <\/div>\n                        <\/div>\n                      <\/div>\n                    <\/div>\n                  <\/div>\n                <\/div>\n              <\/div>\n            <\/div>\n          <\/div>\n          <div class=\"h-column h-column-container d-flex h-col-lg-4 h-col-md-4 h-col-12 style-686-outer style-local-2889-c15-outer\">\n            <div data-colibri-id=\"2889-c15\" class=\"d-flex h-flex-basis h-column__inner h-px-lg-0 h-px-md-3 h-px-2 v-inner-lg-0 v-inner-md-3 v-inner-2 style-686 style-local-2889-c15 position-relative\">\n              <!---->\n              <!---->\n              <div class=\"w-100 h-y-container h-column__content h-column__v-align flex-basis-100 align-self-lg-start align-self-md-start align-self-start\">\n                <!---->\n                <div data-colibri-id=\"2889-c16\" class=\"h-row-container gutters-row-lg-2 gutters-row-md-2 gutters-row-0 gutters-row-v-lg-2 gutters-row-v-md-2 gutters-row-v-2 style-687 style-local-2889-c16 position-relative\">\n                  <!---->\n                  <div class=\"h-row justify-content-lg-center justify-content-md-center justify-content-center align-items-lg-stretch align-items-md-stretch align-items-stretch gutters-col-lg-2 gutters-col-md-2 gutters-col-0 gutters-col-v-lg-2 gutters-col-v-md-2 gutters-col-v-2\">\n                    <!---->\n                    <div class=\"h-column h-column-container d-flex h-col-lg-auto h-col-md-auto h-col-auto style-688-outer style-local-2889-c17-outer\">\n                      <div data-colibri-id=\"2889-c17\" class=\"d-flex h-flex-basis h-column__inner h-ui-empty-state-container h-px-lg-0 h-px-md-0 h-px-0 v-inner-lg-0 v-inner-md-0 v-inner-0 style-688 style-local-2889-c17 position-relative\">\n                        <!---->\n                        <!---->\n                        <div class=\"w-100 h-y-container h-column__content h-column__v-align flex-basis-100\">\n                          <!---->\n                        <\/div>\n                      <\/div>\n                    <\/div>\n                  <\/div>\n                <\/div>\n              <\/div>\n            <\/div>\n          <\/div>\n          <div class=\"h-column h-column-container d-flex h-col-lg-4 h-col-md-4 h-col-12 style-686-outer style-local-2889-c18-outer\">\n            <div data-colibri-id=\"2889-c18\" class=\"d-flex h-flex-basis h-column__inner h-px-lg-0 h-px-md-3 h-px-2 v-inner-lg-0 v-inner-md-3 v-inner-2 style-686 style-local-2889-c18 position-relative\">\n              <!---->\n              <!---->\n              <div class=\"w-100 h-y-container h-column__content h-column__v-align flex-basis-100 align-self-lg-start align-self-md-start align-self-start\">\n                <!---->\n                <div data-colibri-id=\"2889-c19\" class=\"h-row-container gutters-row-lg-2 gutters-row-md-2 gutters-row-0 gutters-row-v-lg-2 gutters-row-v-md-2 gutters-row-v-2 style-687 style-local-2889-c19 position-relative\">\n                  <!---->\n                  <div class=\"h-row justify-content-lg-center justify-content-md-center justify-content-center align-items-lg-stretch align-items-md-stretch align-items-stretch gutters-col-lg-2 gutters-col-md-2 gutters-col-0 gutters-col-v-lg-2 gutters-col-v-md-2 gutters-col-v-2\">\n                    <!---->\n                    <div class=\"h-column h-column-container d-flex h-col-lg-auto h-col-md-auto h-col-auto style-688-outer style-local-2889-c20-outer\">\n                      <div data-colibri-id=\"2889-c20\" class=\"d-flex h-flex-basis h-column__inner h-px-lg-0 h-px-md-0 h-px-0 v-inner-lg-0 v-inner-md-0 v-inner-0 style-688 style-local-2889-c20 position-relative\">\n                        <!---->\n                        <!---->\n                        <div class=\"w-100 h-y-container h-column__content h-column__v-align flex-basis-100 align-self-lg-start align-self-md-start align-self-start\">\n                          <!---->\n                          <div data-colibri-id=\"2889-c21\" class=\"h-x-container style-691 style-local-2889-c21 position-relative h-element\">\n                            <!---->\n                            <div class=\"h-x-container-inner style-dynamic-2889-c21-group style-691-spacing style-local-2889-c21-spacing\"><span class=\"h-button__outer style-692-outer style-local-2889-c22-outer d-inline-flex h-element\"><a h-use-smooth-scroll=\"true\" href=\"https:\/\/lemaitrepierre.com\/index.php\/de-lart-et-des-femmes-a-pondichery-latelier-au-fils-dindra\/\"  data-colibri-id=\"2889-c22\" class=\"d-flex w-100 align-items-center h-button justify-content-lg-center justify-content-md-center justify-content-center style-692 style-local-2889-c22 position-relative\"><!----><!----> <span>OEUVRE SUIVANTE<\/span><\/a>\n                              <\/span>\n                            <\/div>\n                          <\/div>\n                        <\/div>\n                      <\/div>\n                    <\/div>\n                  <\/div>\n                <\/div>\n              <\/div>\n            <\/div>\n          <\/div>\n        <\/div>\n      <\/div>\n    <\/div>\n  <\/div>\n  <div data-colibri-component=\"section\" data-colibri-id=\"2889-c26\" id=\"reusable-sections-2\" class=\"h-section h-section-global-spacing d-flex align-items-lg-center align-items-md-center align-items-center style-706 style-local-2889-c26 position-relative\">\n    <!---->\n    <!---->\n    <div class=\"h-section-grid-container h-section-boxed-container\">\n      <!---->\n      <div data-colibri-id=\"2889-c27\" class=\"h-row-container gutters-row-lg-2 gutters-row-md-2 gutters-row-2 gutters-row-v-lg-2 gutters-row-v-md-2 gutters-row-v-2 style-707 style-local-2889-c27 position-relative\">\n        <!---->\n        <div class=\"h-row justify-content-lg-center justify-content-md-center justify-content-center align-items-lg-stretch align-items-md-stretch align-items-stretch gutters-col-lg-2 gutters-col-md-2 gutters-col-2 gutters-col-v-lg-2 gutters-col-v-md-2 gutters-col-v-2\">\n          <!---->\n          <div class=\"h-column h-column-container d-flex h-col-lg-auto h-col-md-auto h-col-auto style-708-outer style-local-2889-c28-outer\">\n            <div data-colibri-id=\"2889-c28\" class=\"d-flex h-flex-basis h-column__inner h-px-lg-0 h-px-md-0 h-px-0 v-inner-lg-0 v-inner-md-0 v-inner-0 style-708 style-local-2889-c28 position-relative\">\n              <div class=\"background-wrapper\">\n                <div class=\"background-layer background-layer-media-container-lg\">\n                  <!---->\n                  <div class=\"overlay-layer\">\n                    <div class=\"overlay-image-layer\" style=\"background-color: rgb(255, 255, 255); opacity: 0.8;\"><\/div>\n                  <\/div>\n                <\/div>\n                <div class=\"background-layer background-layer-media-container-md\">\n                  <!---->\n                  <div class=\"overlay-layer\">\n                    <div class=\"overlay-image-layer\" style=\"background-color: rgb(255, 255, 255); opacity: 0.8;\"><\/div>\n                  <\/div>\n                <\/div>\n                <div class=\"background-layer background-layer-media-container\">\n                  <!---->\n                  <div class=\"overlay-layer\">\n                    <div class=\"overlay-image-layer\" style=\"background-color: rgb(255, 255, 255); opacity: 0.8;\"><\/div>\n                  <\/div>\n                <\/div>\n              <\/div>\n              <!---->\n              <div class=\"w-100 h-y-container h-column__content h-column__v-align flex-basis-100 align-self-lg-center align-self-md-center align-self-center\">\n                <!---->\n                <div data-colibri-id=\"2889-c29\" class=\"style-709 style-local-2889-c29 position-relative h-element\">\n                  <!---->\n                  <div class=\"h-global-transition-all h-global-transition h-global-transition-all h-contact-form-shortcode\">\n<div class=\"wpcf7 no-js\" id=\"wpcf7-f2993-o1\" lang=\"fr-FR\" dir=\"ltr\" data-wpcf7-id=\"2993\">\n<div class=\"screen-reader-response\"><p role=\"status\" aria-live=\"polite\" aria-atomic=\"true\"><\/p> <ul><\/ul><\/div>\n<form action=\"\/index.php\/wp-json\/wp\/v2\/pages\/2889#wpcf7-f2993-o1\" method=\"post\" class=\"wpcf7-form init\" aria-label=\"Formulaire de contact\" novalidate=\"novalidate\" data-status=\"init\">\n<fieldset class=\"hidden-fields-container\"><input type=\"hidden\" name=\"_wpcf7\" value=\"2993\" \/><input type=\"hidden\" name=\"_wpcf7_version\" value=\"6.1.5\" \/><input type=\"hidden\" name=\"_wpcf7_locale\" value=\"fr_FR\" \/><input type=\"hidden\" name=\"_wpcf7_unit_tag\" value=\"wpcf7-f2993-o1\" \/><input type=\"hidden\" name=\"_wpcf7_container_post\" value=\"0\" \/><input type=\"hidden\" name=\"_wpcf7_posted_data_hash\" value=\"\" \/>\n<\/fieldset>\n<p><label><br \/>\nJe souhaite acheter \" UNE VIE DE BABY BOOMER \" <\/label>\n<\/p>\n<p><label> Votre nom (obligatoire)<br \/>\n<span class=\"wpcf7-form-control-wrap\" data-name=\"your-name\"><input size=\"40\" maxlength=\"400\" class=\"wpcf7-form-control wpcf7-text wpcf7-validates-as-required\" aria-required=\"true\" aria-invalid=\"false\" value=\"\" type=\"text\" name=\"your-name\" \/><\/span> <\/label>\n<\/p>\n<p><label> Votre adresse de messagerie (obligatoire)<br \/>\n<span class=\"wpcf7-form-control-wrap\" data-name=\"your-email\"><input size=\"40\" maxlength=\"400\" class=\"wpcf7-form-control wpcf7-email wpcf7-validates-as-required wpcf7-text wpcf7-validates-as-email\" aria-required=\"true\" aria-invalid=\"false\" value=\"\" type=\"email\" name=\"your-email\" \/><\/span> <\/label>\n<\/p>\n<p><label> Merci de laisser vos coordonn\u00e9es compl\u00e8tes !<br \/>\n<span class=\"wpcf7-form-control-wrap\" data-name=\"your-message\"><textarea cols=\"40\" rows=\"10\" maxlength=\"2000\" class=\"wpcf7-form-control wpcf7-textarea\" aria-invalid=\"false\" name=\"your-message\"><\/textarea><\/span> <\/label><br \/>\n<label><br \/>\nUn email vous sera envoy\u00e9 rapidement afin de vous communiquer l'adresse \u00e0 laquelle il faudra envoyer votre ch\u00e8que. Merci <\/label>\n<\/p>\n<p><input class=\"wpcf7-form-control wpcf7-submit has-spinner\" type=\"submit\" value=\"Envoyer\" \/>\n<\/p><input type=\"hidden\" id=\"ct_checkjs_cf7_eb6fdc36b281b7d5eabf33396c2683a2\" name=\"ct_checkjs_cf7\" value=\"0\" \/><script >setTimeout(function(){var ct_input_name = \"ct_checkjs_cf7_eb6fdc36b281b7d5eabf33396c2683a2\";if (document.getElementById(ct_input_name) !== null) {var ct_input_value = document.getElementById(ct_input_name).value;document.getElementById(ct_input_name).value = document.getElementById(ct_input_name).value.replace(ct_input_value, '0275aadf6de2d8cf26a7e1514f4168d51a820aff4c841b76e543b9213e7abb45');}}, 1000);<\/script><input\n                    class=\"apbct_special_field apbct_email_id__wp_contact_form_7\"\n                    name=\"apbct__email_id__wp_contact_form_7\"\n                    aria-label=\"apbct__label_id__wp_contact_form_7\"\n                    type=\"text\" size=\"30\" maxlength=\"200\" autocomplete=\"off\"\n                    value=\"\"\n                \/><div class=\"wpcf7-response-output\" aria-hidden=\"true\"><\/div>\n<\/form>\n<\/div>\n<\/div>\n                <\/div>\n              <\/div>\n            <\/div>\n          <\/div>\n        <\/div>\n      <\/div>\n    <\/div>\n  <\/div>\n<\/div>","protected":false},"excerpt":{"rendered":"<p>Ce livre comprend d\u2019abord 200 pages de description de la vie professionnelle et familiale aventureuse d\u2019un \u00ab baby-boomer \u00bb itin\u00e9rant, qui a eu des exp\u00e9riences tr\u00e8s diverses, en ayant exerc\u00e9 au moins douze m\u00e9tiers et v\u00e9cu dans une trentaine de pays. Puis on y trouve 70 pages d\u2019observations et r\u00e9flexions critiques sur la g\u00e9n\u00e9ration n\u00e9e [&hellip;]<\/p>\n","protected":false},"author":1,"featured_media":0,"parent":0,"menu_order":0,"comment_status":"closed","ping_status":"closed","template":"page-templates\/full-width-page.php","meta":{"footnotes":""},"class_list":["post-2889","page","type-page","status-publish","hentry"],"rttpg_featured_image_url":null,"rttpg_author":{"display_name":"Pierre Alain Lemaitre","author_link":"https:\/\/lemaitrepierre.com\/index.php\/author\/admin9916\/"},"rttpg_comment":0,"rttpg_category":null,"rttpg_excerpt":"Ce livre comprend d\u2019abord 200 pages de description de la vie professionnelle et familiale aventureuse d\u2019un \u00ab baby-boomer \u00bb itin\u00e9rant, qui a eu des exp\u00e9riences tr\u00e8s diverses, en ayant exerc\u00e9 au moins douze m\u00e9tiers et v\u00e9cu dans une trentaine de pays. Puis on y trouve 70 pages d\u2019observations et r\u00e9flexions critiques sur la g\u00e9n\u00e9ration n\u00e9e\u2026","_links":{"self":[{"href":"https:\/\/lemaitrepierre.com\/index.php\/wp-json\/wp\/v2\/pages\/2889","targetHints":{"allow":["GET"]}}],"collection":[{"href":"https:\/\/lemaitrepierre.com\/index.php\/wp-json\/wp\/v2\/pages"}],"about":[{"href":"https:\/\/lemaitrepierre.com\/index.php\/wp-json\/wp\/v2\/types\/page"}],"author":[{"embeddable":true,"href":"https:\/\/lemaitrepierre.com\/index.php\/wp-json\/wp\/v2\/users\/1"}],"replies":[{"embeddable":true,"href":"https:\/\/lemaitrepierre.com\/index.php\/wp-json\/wp\/v2\/comments?post=2889"}],"version-history":[{"count":14,"href":"https:\/\/lemaitrepierre.com\/index.php\/wp-json\/wp\/v2\/pages\/2889\/revisions"}],"predecessor-version":[{"id":3011,"href":"https:\/\/lemaitrepierre.com\/index.php\/wp-json\/wp\/v2\/pages\/2889\/revisions\/3011"}],"wp:attachment":[{"href":"https:\/\/lemaitrepierre.com\/index.php\/wp-json\/wp\/v2\/media?parent=2889"}],"curies":[{"name":"wp","href":"https:\/\/api.w.org\/{rel}","templated":true}]}}