{"id":991,"date":"2021-11-13T14:42:42","date_gmt":"2021-11-13T13:42:42","guid":{"rendered":"https:\/\/lemaitrepierre.com\/?page_id=991"},"modified":"2024-12-12T06:43:12","modified_gmt":"2024-12-12T05:43:12","slug":"de-lart-et-des-femmes-a-pondichery-latelier-au-fils-dindra","status":"publish","type":"page","link":"https:\/\/lemaitrepierre.com\/index.php\/de-lart-et-des-femmes-a-pondichery-latelier-au-fils-dindra\/","title":{"rendered":"De l&rsquo;art et des femmes \u00e0 Pondich\u00e9ry"},"content":{"rendered":"<div data-colibri-id=\"991-c1\" class=\"style-572 style-local-991-c1 position-relative\">\n  <!---->\n  <div data-colibri-component=\"section\" data-colibri-id=\"991-c2\" id=\"about\" class=\"h-section h-section-global-spacing d-flex align-items-lg-center align-items-md-center align-items-center style-577 style-local-991-c2 position-relative\">\n    <!---->\n    <!---->\n    <div class=\"h-section-grid-container h-section-boxed-container\">\n      <!---->\n      <div data-colibri-id=\"991-c3\" class=\"h-row-container gutters-row-lg-2 gutters-row-md-2 gutters-row-2 gutters-row-v-lg-2 gutters-row-v-md-2 gutters-row-v-2 style-578 style-local-991-c3 position-relative\">\n        <!---->\n        <div class=\"h-row justify-content-lg-center justify-content-md-center justify-content-center align-items-lg-stretch align-items-md-stretch align-items-stretch gutters-col-lg-2 gutters-col-md-2 gutters-col-2 gutters-col-v-lg-2 gutters-col-v-md-2 gutters-col-v-2\">\n          <!---->\n          <div class=\"h-column h-column-container d-flex h-col-lg-auto h-col-md-auto h-col-auto style-579-outer style-local-991-c4-outer\">\n            <div data-colibri-id=\"991-c4\" class=\"d-flex h-flex-basis h-column__inner h-px-lg-2 h-px-md-2 h-px-2 v-inner-lg-2 v-inner-md-2 v-inner-2 style-579 style-local-991-c4 position-relative\">\n              <!---->\n              <!---->\n              <div class=\"w-100 h-y-container h-column__content h-column__v-align flex-basis-100 align-self-lg-center align-self-md-center align-self-center\">\n                <!---->\n                <div data-colibri-id=\"991-c5\" class=\"h-lead h-text h-text-component style-582 style-local-991-c5 position-relative h-element\">\n                  <!---->\n                  <!---->\n                  <div class=\"\">\n                    <p><span style=\"font-weight: 400; font-size: 16px; font-family: &quot;Open Sans&quot;; color: rgb(70, 112, 127);\">Parution d\u2019un ouvrage collectif, \u00e0 l\u2019origine duquel Pierre Alain Lema\u00eetre a \u00e9t\u00e9 : \u00ab&nbsp;De l\u2019art et des femmes \u00e0 Pondich\u00e9ry L\u2019Atelier Au Fils d\u2019Indra&nbsp;\u00bb (Editions Abbate-Piol\u00e9). Il s\u2019agit d\u2019un livre d\u2019art de pr\u00e8s de 190 photos, qui pr\u00e9sente l\u2019Inde, d\u00e9crit la broderie par appliques et sa place parmi les pratiques de broderie traditionnelles en Inde\u2026 et raconte l\u2019histoire d\u2019une action de d\u00e9veloppement social solidaire qui a dur\u00e9 plus de 50 ans, \u00e0 Pondich\u00e9ry.&nbsp;\u00bb<\/span><\/p>\n                  <\/div>\n                <\/div>\n              <\/div>\n            <\/div>\n          <\/div>\n          <div class=\"h-column h-column-container d-flex h-col-lg-auto h-col-md-auto h-col-auto style-585-outer style-local-991-c6-outer\">\n            <div data-colibri-id=\"991-c6\" class=\"d-flex h-flex-basis h-column__inner h-px-lg-2 h-px-md-2 h-px-2 v-inner-lg-2 v-inner-md-2 v-inner-2 style-585 style-local-991-c6 position-relative\">\n              <!---->\n              <!---->\n              <div class=\"w-100 h-y-container h-column__content h-column__v-align flex-basis-100 align-self-lg-center align-self-md-center align-self-center\">\n                <!---->\n                <div data-colibri-id=\"991-c7\" class=\"d-block style-586 style-local-991-c7 position-relative h-element\">\n                  <!---->\n                  <div class=\"h-image__frame-container-outer\">\n                    <div class=\"h-image__frame-container\">\n                      <!---->\n                      <!---->\n                      <img loading=\"lazy\" decoding=\"async\" width=\"3120\" height=\"4160\" src=\"https:\/\/lemaitrepierre.com\/wp-content\/uploads\/2021\/11\/De-lart-et-des-femmes-a-Pondichery.png\" class=\"wp-image-993 style-586-image style-local-991-c7-image\" alt=\"\" srcset=\"https:\/\/lemaitrepierre.com\/wp-content\/uploads\/2021\/11\/De-lart-et-des-femmes-a-Pondichery.png 3120w, https:\/\/lemaitrepierre.com\/wp-content\/uploads\/2021\/11\/De-lart-et-des-femmes-a-Pondichery-225x300.png 225w, https:\/\/lemaitrepierre.com\/wp-content\/uploads\/2021\/11\/De-lart-et-des-femmes-a-Pondichery-768x1024.png 768w, https:\/\/lemaitrepierre.com\/wp-content\/uploads\/2021\/11\/De-lart-et-des-femmes-a-Pondichery-1152x1536.png 1152w, https:\/\/lemaitrepierre.com\/wp-content\/uploads\/2021\/11\/De-lart-et-des-femmes-a-Pondichery-1536x2048.png 1536w, https:\/\/lemaitrepierre.com\/wp-content\/uploads\/2021\/11\/De-lart-et-des-femmes-a-Pondichery-45x60.png 45w\" sizes=\"auto, (max-width: 3120px) 100vw, 3120px\" \/>\n                      <div class=\"h-image__frame h-hide-sm style-586-frameImage style-local-991-c7-frameImage\"><\/div>\n                    <\/div>\n                  <\/div>\n                <\/div>\n              <\/div>\n            <\/div>\n          <\/div>\n        <\/div>\n      <\/div>\n    <\/div>\n  <\/div>\n  <div data-colibri-component=\"section\" data-colibri-id=\"991-c8\" id=\"overlappable\" class=\"h-section h-section-global-spacing d-flex align-items-lg-center align-items-md-center align-items-center style-592 style-local-991-c8 position-relative\">\n    <!---->\n    <!---->\n    <div class=\"h-section-grid-container h-section-boxed-container\">\n      <!---->\n      <div data-colibri-id=\"991-c9\" class=\"h-row-container gutters-row-lg-0 gutters-row-md-0 gutters-row-2 gutters-row-v-lg-0 gutters-row-v-md-0 gutters-row-v-2 style-593 style-local-991-c9 position-relative\">\n        <!---->\n        <div class=\"h-row justify-content-lg-center justify-content-md-center justify-content-center align-items-lg-stretch align-items-md-stretch align-items-stretch gutters-col-lg-0 gutters-col-md-0 gutters-col-2 gutters-col-v-lg-0 gutters-col-v-md-0 gutters-col-v-2\">\n          <!---->\n          <div class=\"h-column h-column-container d-flex h-col-lg-4 h-col-md-4 h-col-12 style-594-outer style-local-991-c10-outer\">\n            <div data-colibri-id=\"991-c10\" class=\"d-flex h-flex-basis h-column__inner h-px-lg-0 h-px-md-3 h-px-2 v-inner-lg-0 v-inner-md-3 v-inner-2 style-594 style-local-991-c10 position-relative\">\n              <!---->\n              <!---->\n              <div class=\"w-100 h-y-container h-column__content h-column__v-align flex-basis-100 align-self-lg-start align-self-md-start align-self-start\">\n                <!---->\n                <div data-colibri-id=\"991-c11\" class=\"h-row-container gutters-row-lg-2 gutters-row-md-2 gutters-row-0 gutters-row-v-lg-2 gutters-row-v-md-2 gutters-row-v-2 style-595 style-local-991-c11 position-relative\">\n                  <!---->\n                  <div class=\"h-row justify-content-lg-center justify-content-md-center justify-content-center align-items-lg-stretch align-items-md-stretch align-items-stretch gutters-col-lg-2 gutters-col-md-2 gutters-col-0 gutters-col-v-lg-2 gutters-col-v-md-2 gutters-col-v-2\">\n                    <!---->\n                    <div class=\"h-column h-column-container d-flex h-col-lg-auto h-col-md-auto h-col-auto style-598-outer style-local-991-c12-outer\">\n                      <div data-colibri-id=\"991-c12\" class=\"d-flex h-flex-basis h-column__inner h-px-lg-0 h-px-md-0 h-px-0 v-inner-lg-0 v-inner-md-0 v-inner-0 style-598 style-local-991-c12 position-relative\">\n                        <!---->\n                        <!---->\n                        <div class=\"w-100 h-y-container h-column__content h-column__v-align flex-basis-100 align-self-lg-start align-self-md-start align-self-start\">\n                          <!---->\n                          <div data-colibri-id=\"991-c13\" class=\"h-x-container style-603 style-local-991-c13 position-relative h-element\">\n                            <!---->\n                            <div class=\"h-x-container-inner style-dynamic-991-c13-group style-603-spacing style-local-991-c13-spacing\"><span class=\"h-button__outer style-604-outer style-local-991-c14-outer d-inline-flex h-element\"><a h-use-smooth-scroll=\"true\" href=\"https:\/\/lemaitrepierre.com\/index.php\/une-vie-de-baby-boomer\/\"  data-colibri-id=\"991-c14\" class=\"d-flex w-100 align-items-center h-button justify-content-lg-center justify-content-md-center justify-content-center style-604 style-local-991-c14 position-relative\"><!----><!----> <span>OEUVRE PR\u00c9C\u00c9DENTE<\/span><\/a>\n                              <\/span>\n                            <\/div>\n                          <\/div>\n                        <\/div>\n                      <\/div>\n                    <\/div>\n                  <\/div>\n                <\/div>\n              <\/div>\n            <\/div>\n          <\/div>\n          <div class=\"h-column h-column-container d-flex h-col-lg-4 h-col-md-4 h-col-12 style-594-outer style-local-991-c15-outer\">\n            <div data-colibri-id=\"991-c15\" class=\"d-flex h-flex-basis h-column__inner h-px-lg-0 h-px-md-3 h-px-2 v-inner-lg-0 v-inner-md-3 v-inner-2 style-594 style-local-991-c15 position-relative\">\n              <!---->\n              <!---->\n              <div class=\"w-100 h-y-container h-column__content h-column__v-align flex-basis-100 align-self-lg-start align-self-md-start align-self-start\">\n                <!---->\n                <div data-colibri-id=\"991-c16\" class=\"h-row-container gutters-row-lg-2 gutters-row-md-2 gutters-row-0 gutters-row-v-lg-2 gutters-row-v-md-2 gutters-row-v-2 style-595 style-local-991-c16 position-relative\">\n                  <!---->\n                  <div class=\"h-row justify-content-lg-center justify-content-md-center justify-content-center align-items-lg-stretch align-items-md-stretch align-items-stretch gutters-col-lg-2 gutters-col-md-2 gutters-col-0 gutters-col-v-lg-2 gutters-col-v-md-2 gutters-col-v-2\">\n                    <!---->\n                    <div class=\"h-column h-column-container d-flex h-col-lg-auto h-col-md-auto h-col-auto style-598-outer style-local-991-c17-outer\">\n                      <div data-colibri-id=\"991-c17\" class=\"d-flex h-flex-basis h-column__inner h-ui-empty-state-container h-px-lg-0 h-px-md-0 h-px-0 v-inner-lg-0 v-inner-md-0 v-inner-0 style-598 style-local-991-c17 position-relative\">\n                        <!---->\n                        <!---->\n                        <div class=\"w-100 h-y-container h-column__content h-column__v-align flex-basis-100\">\n                          <!---->\n                        <\/div>\n                      <\/div>\n                    <\/div>\n                  <\/div>\n                <\/div>\n              <\/div>\n            <\/div>\n          <\/div>\n          <div class=\"h-column h-column-container d-flex h-col-lg-4 h-col-md-4 h-col-12 style-594-outer style-local-991-c18-outer\">\n            <div data-colibri-id=\"991-c18\" class=\"d-flex h-flex-basis h-column__inner h-px-lg-0 h-px-md-3 h-px-2 v-inner-lg-0 v-inner-md-3 v-inner-2 style-594 style-local-991-c18 position-relative\">\n              <!---->\n              <!---->\n              <div class=\"w-100 h-y-container h-column__content h-column__v-align flex-basis-100 align-self-lg-start align-self-md-start align-self-start\">\n                <!---->\n                <div data-colibri-id=\"991-c19\" class=\"h-row-container gutters-row-lg-2 gutters-row-md-2 gutters-row-0 gutters-row-v-lg-2 gutters-row-v-md-2 gutters-row-v-2 style-595 style-local-991-c19 position-relative\">\n                  <!---->\n                  <div class=\"h-row justify-content-lg-center justify-content-md-center justify-content-center align-items-lg-stretch align-items-md-stretch align-items-stretch gutters-col-lg-2 gutters-col-md-2 gutters-col-0 gutters-col-v-lg-2 gutters-col-v-md-2 gutters-col-v-2\">\n                    <!---->\n                    <div class=\"h-column h-column-container d-flex h-col-lg-auto h-col-md-auto h-col-auto style-598-outer style-local-991-c20-outer\">\n                      <div data-colibri-id=\"991-c20\" class=\"d-flex h-flex-basis h-column__inner h-px-lg-0 h-px-md-0 h-px-0 v-inner-lg-0 v-inner-md-0 v-inner-0 style-598 style-local-991-c20 position-relative\">\n                        <!---->\n                        <!---->\n                        <div class=\"w-100 h-y-container h-column__content h-column__v-align flex-basis-100 align-self-lg-start align-self-md-start align-self-start\">\n                          <!---->\n                          <div data-colibri-id=\"991-c21\" class=\"h-x-container style-601 style-local-991-c21 position-relative h-element\">\n                            <!---->\n                            <div class=\"h-x-container-inner style-dynamic-991-c21-group style-601-spacing style-local-991-c21-spacing\"><span class=\"h-button__outer style-602-outer style-local-991-c22-outer d-inline-flex h-element\"><a h-use-smooth-scroll=\"true\" href=\"https:\/\/lemaitrepierre.com\/index.php\/une-veillee-de-recits-magiques\/ \"  data-colibri-id=\"991-c22\" class=\"d-flex w-100 align-items-center h-button justify-content-lg-center justify-content-md-center justify-content-center style-602 style-local-991-c22 position-relative\"><!----><!----> <span>OEUVRE SUIVANTE<\/span><\/a>\n                              <\/span>\n                            <\/div>\n                          <\/div>\n                        <\/div>\n                      <\/div>\n                    <\/div>\n                  <\/div>\n                <\/div>\n              <\/div>\n            <\/div>\n          <\/div>\n        <\/div>\n      <\/div>\n    <\/div>\n  <\/div>\n  <div data-colibri-component=\"section\" data-colibri-id=\"991-c23\" id=\"contact\" class=\"h-section h-section-global-spacing d-flex align-items-lg-center align-items-md-center align-items-center style-587 style-local-991-c23 position-relative\">\n    <!---->\n    <!---->\n    <div class=\"h-section-grid-container h-section-boxed-container\">\n      <!---->\n      <div data-colibri-id=\"991-c24\" class=\"h-row-container gutters-row-lg-2 gutters-row-md-2 gutters-row-2 gutters-row-v-lg-2 gutters-row-v-md-2 gutters-row-v-2 style-588 style-local-991-c24 position-relative\">\n        <!---->\n        <div class=\"h-row justify-content-lg-center justify-content-md-center justify-content-center align-items-lg-stretch align-items-md-stretch align-items-stretch gutters-col-lg-2 gutters-col-md-2 gutters-col-2 gutters-col-v-lg-2 gutters-col-v-md-2 gutters-col-v-2\">\n          <!---->\n          <div class=\"h-column h-column-container d-flex h-col-lg-auto h-col-md-auto h-col-auto style-589-outer style-local-991-c25-outer\">\n            <div data-colibri-id=\"991-c25\" class=\"d-flex h-flex-basis h-column__inner h-px-lg-0 h-px-md-0 h-px-0 v-inner-lg-0 v-inner-md-0 v-inner-0 style-589 style-local-991-c25 position-relative\">\n              <div class=\"background-wrapper\">\n                <div class=\"background-layer background-layer-media-container-lg\">\n                  <!---->\n                  <div class=\"overlay-layer\">\n                    <div class=\"overlay-image-layer\" style=\"background-color: rgb(255, 255, 255); opacity: 0.8;\"><\/div>\n                  <\/div>\n                <\/div>\n                <div class=\"background-layer background-layer-media-container-md\">\n                  <!---->\n                  <div class=\"overlay-layer\">\n                    <div class=\"overlay-image-layer\" style=\"background-color: rgb(255, 255, 255); opacity: 0.8;\"><\/div>\n                  <\/div>\n                <\/div>\n                <div class=\"background-layer background-layer-media-container\">\n                  <!---->\n                  <div class=\"overlay-layer\">\n                    <div class=\"overlay-image-layer\" style=\"background-color: rgb(255, 255, 255); opacity: 0.8;\"><\/div>\n                  <\/div>\n                <\/div>\n              <\/div>\n              <!---->\n              <div class=\"w-100 h-y-container h-column__content h-column__v-align flex-basis-100 align-self-lg-center align-self-md-center align-self-center\">\n                <!---->\n                <div data-colibri-id=\"991-c26\" class=\"style-591 style-local-991-c26 position-relative h-element\">\n                  <!---->\n                  <div class=\"h-global-transition-all h-global-transition h-global-transition-all h-contact-form-shortcode\">\n<div class=\"wpcf7 no-js\" id=\"wpcf7-f212-o1\" lang=\"fr-FR\" dir=\"ltr\" data-wpcf7-id=\"212\">\n<div class=\"screen-reader-response\"><p role=\"status\" aria-live=\"polite\" aria-atomic=\"true\"><\/p> <ul><\/ul><\/div>\n<form action=\"\/index.php\/wp-json\/wp\/v2\/pages\/991#wpcf7-f212-o1\" method=\"post\" class=\"wpcf7-form init\" aria-label=\"Formulaire de contact\" novalidate=\"novalidate\" data-status=\"init\">\n<fieldset class=\"hidden-fields-container\"><input type=\"hidden\" name=\"_wpcf7\" value=\"212\" \/><input type=\"hidden\" name=\"_wpcf7_version\" value=\"6.1.5\" \/><input type=\"hidden\" name=\"_wpcf7_locale\" value=\"fr_FR\" \/><input type=\"hidden\" name=\"_wpcf7_unit_tag\" value=\"wpcf7-f212-o1\" \/><input type=\"hidden\" name=\"_wpcf7_container_post\" value=\"0\" \/><input type=\"hidden\" name=\"_wpcf7_posted_data_hash\" value=\"\" \/>\n<\/fieldset>\n<p>JE SOUHAITE ACHETER DE L'ART ET DES FEMMES \u00c0 PONDICH\u00c9RY<br \/>\n<label> Votre nom (obligatoire)<br \/>\n<span class=\"wpcf7-form-control-wrap\" data-name=\"your-name\"><input size=\"40\" maxlength=\"400\" class=\"wpcf7-form-control wpcf7-text wpcf7-validates-as-required\" aria-required=\"true\" aria-invalid=\"false\" value=\"\" type=\"text\" name=\"your-name\" \/><\/span> <\/label>\n<\/p>\n<p><label> Votre adresse de messagerie (obligatoire)<br \/>\n<span class=\"wpcf7-form-control-wrap\" data-name=\"your-email\"><input size=\"40\" maxlength=\"400\" class=\"wpcf7-form-control wpcf7-email wpcf7-validates-as-required wpcf7-text wpcf7-validates-as-email\" aria-required=\"true\" aria-invalid=\"false\" value=\"\" type=\"email\" name=\"your-email\" \/><\/span> <\/label>\n<\/p>\n<p><label> Objet<br \/>\n<span class=\"wpcf7-form-control-wrap\" data-name=\"your-subject\"><input size=\"40\" maxlength=\"400\" class=\"wpcf7-form-control wpcf7-text\" aria-invalid=\"false\" value=\"\" type=\"text\" name=\"your-subject\" \/><\/span> <\/label>\n<\/p>\n<p><label> Votre message<br \/>\n<span class=\"wpcf7-form-control-wrap\" data-name=\"your-message\"><textarea cols=\"40\" rows=\"10\" maxlength=\"2000\" class=\"wpcf7-form-control wpcf7-textarea\" aria-invalid=\"false\" name=\"your-message\"><\/textarea><\/span> <\/label>\n<\/p>\n<p><input class=\"wpcf7-form-control wpcf7-submit has-spinner\" type=\"submit\" value=\"Envoyer\" \/>\n<\/p><input type=\"hidden\" id=\"ct_checkjs_cf7_170c944978496731ba71f34c25826a34\" name=\"ct_checkjs_cf7\" value=\"0\" \/><script >setTimeout(function(){var ct_input_name = \"ct_checkjs_cf7_170c944978496731ba71f34c25826a34\";if (document.getElementById(ct_input_name) !== null) {var ct_input_value = document.getElementById(ct_input_name).value;document.getElementById(ct_input_name).value = document.getElementById(ct_input_name).value.replace(ct_input_value, '0275aadf6de2d8cf26a7e1514f4168d51a820aff4c841b76e543b9213e7abb45');}}, 1000);<\/script><input\n                    class=\"apbct_special_field apbct_email_id__wp_contact_form_7\"\n                    name=\"apbct__email_id__wp_contact_form_7\"\n                    aria-label=\"apbct__label_id__wp_contact_form_7\"\n                    type=\"text\" size=\"30\" maxlength=\"200\" autocomplete=\"off\"\n                    value=\"\"\n                \/><div class=\"wpcf7-response-output\" aria-hidden=\"true\"><\/div>\n<\/form>\n<\/div>\n<\/div>\n                <\/div>\n              <\/div>\n            <\/div>\n          <\/div>\n        <\/div>\n      <\/div>\n    <\/div>\n  <\/div>\n<\/div>","protected":false},"excerpt":{"rendered":"<p>Parution d\u2019un ouvrage collectif, \u00e0 l\u2019origine duquel Pierre Alain Lema\u00eetre a \u00e9t\u00e9 : \u00ab&nbsp;De l\u2019art et des femmes \u00e0 Pondich\u00e9ry L\u2019Atelier Au Fils d\u2019Indra&nbsp;\u00bb (Editions Abbate-Piol\u00e9). Il s\u2019agit d\u2019un livre d\u2019art de pr\u00e8s de 190 photos, qui pr\u00e9sente l\u2019Inde, d\u00e9crit la broderie par appliques et sa place parmi les pratiques de broderie traditionnelles en Inde\u2026 [&hellip;]<\/p>\n","protected":false},"author":1,"featured_media":0,"parent":0,"menu_order":0,"comment_status":"closed","ping_status":"closed","template":"page-templates\/full-width-page.php","meta":{"footnotes":""},"class_list":["post-991","page","type-page","status-publish","hentry"],"rttpg_featured_image_url":null,"rttpg_author":{"display_name":"Pierre Alain Lemaitre","author_link":"https:\/\/lemaitrepierre.com\/index.php\/author\/admin9916\/"},"rttpg_comment":0,"rttpg_category":null,"rttpg_excerpt":"Parution d\u2019un ouvrage collectif, \u00e0 l\u2019origine duquel Pierre Alain Lema\u00eetre a \u00e9t\u00e9 : \u00ab&nbsp;De l\u2019art et des femmes \u00e0 Pondich\u00e9ry L\u2019Atelier Au Fils d\u2019Indra&nbsp;\u00bb (Editions Abbate-Piol\u00e9). Il s\u2019agit d\u2019un livre d\u2019art de pr\u00e8s de 190 photos, qui pr\u00e9sente l\u2019Inde, d\u00e9crit la broderie par appliques et sa place parmi les pratiques de broderie traditionnelles en Inde\u2026\u2026","_links":{"self":[{"href":"https:\/\/lemaitrepierre.com\/index.php\/wp-json\/wp\/v2\/pages\/991","targetHints":{"allow":["GET"]}}],"collection":[{"href":"https:\/\/lemaitrepierre.com\/index.php\/wp-json\/wp\/v2\/pages"}],"about":[{"href":"https:\/\/lemaitrepierre.com\/index.php\/wp-json\/wp\/v2\/types\/page"}],"author":[{"embeddable":true,"href":"https:\/\/lemaitrepierre.com\/index.php\/wp-json\/wp\/v2\/users\/1"}],"replies":[{"embeddable":true,"href":"https:\/\/lemaitrepierre.com\/index.php\/wp-json\/wp\/v2\/comments?post=991"}],"version-history":[{"count":20,"href":"https:\/\/lemaitrepierre.com\/index.php\/wp-json\/wp\/v2\/pages\/991\/revisions"}],"predecessor-version":[{"id":2974,"href":"https:\/\/lemaitrepierre.com\/index.php\/wp-json\/wp\/v2\/pages\/991\/revisions\/2974"}],"wp:attachment":[{"href":"https:\/\/lemaitrepierre.com\/index.php\/wp-json\/wp\/v2\/media?parent=991"}],"curies":[{"name":"wp","href":"https:\/\/api.w.org\/{rel}","templated":true}]}}